{"id":187,"date":"2020-09-05T19:09:04","date_gmt":"2020-09-05T19:09:04","guid":{"rendered":"http:\/\/bpstudio.com.co\/?page_id=187"},"modified":"2024-06-04T11:45:55","modified_gmt":"2024-06-04T16:45:55","slug":"estrategias-digitales-de-marketing","status":"publish","type":"page","link":"https:\/\/bpstudio.com.co\/en\/estrategias-digitales-de-marketing\/","title":{"rendered":"Estrategias Digitales de Marketing"},"content":{"rendered":"<div data-elementor-type=\"wp-page\" data-elementor-id=\"187\" class=\"elementor elementor-187\" data-elementor-post-type=\"page\">\n\t\t\t\t\t\t<section class=\"elementor-section elementor-top-section elementor-element elementor-element-7fd4440 elementor-section-stretched elementor-section-boxed elementor-section-height-default elementor-section-height-default\" data-id=\"7fd4440\" data-element_type=\"section\" data-settings=\"{&quot;stretch_section&quot;:&quot;section-stretched&quot;,&quot;background_background&quot;:&quot;classic&quot;}\">\n\t\t\t\t\t\t<div class=\"elementor-container elementor-column-gap-default\">\n\t\t\t\t\t<div class=\"elementor-column elementor-col-100 elementor-top-column elementor-element elementor-element-1068f00\" data-id=\"1068f00\" data-element_type=\"column\">\n\t\t\t<div class=\"elementor-widget-wrap elementor-element-populated\">\n\t\t\t\t\t\t<div class=\"elementor-element elementor-element-9464388 elementor-view-default elementor-widget elementor-widget-icon\" data-id=\"9464388\" data-element_type=\"widget\" data-widget_type=\"icon.default\">\n\t\t\t\t<div class=\"elementor-widget-container\">\n\t\t\t\t\t\t\t<div class=\"elementor-icon-wrapper\">\n\t\t\t<div class=\"elementor-icon\">\n\t\t\t<i aria-hidden=\"true\" class=\"fas fa-lightbulb\"><\/i>\t\t\t<\/div>\n\t\t<\/div>\n\t\t\t\t\t\t<\/div>\n\t\t\t\t<\/div>\n\t\t\t\t<div class=\"elementor-element elementor-element-deb441a elementor-widget elementor-widget-heading\" data-id=\"deb441a\" data-element_type=\"widget\" data-widget_type=\"heading.default\">\n\t\t\t\t<div class=\"elementor-widget-container\">\n\t\t\t\t\t<h1 class=\"elementor-heading-title elementor-size-default\">Digital Marketing Strategies &amp; Web Positioning<\/h1>\t\t\t\t<\/div>\n\t\t\t\t<\/div>\n\t\t\t\t<div class=\"elementor-element elementor-element-9d32c01 elementor-widget elementor-widget-text-editor\" data-id=\"9d32c01\" data-element_type=\"widget\" data-widget_type=\"text-editor.default\">\n\t\t\t\t<div class=\"elementor-widget-container\">\n\t\t\t\t\t\t\t\t\t<p style=\"text-align: justify\">Today\u2019s brands face constantly evolving digital communication and marketing platforms. To stand out, it is essential to implement a media plan with clear goals and objectives, supported by digital content creation and user experience design that effectively delivers the message and builds strong brand communication.<\/p>\t\t\t\t\t\t\t\t<\/div>\n\t\t\t\t<\/div>\n\t\t\t\t\t<\/div>\n\t\t<\/div>\n\t\t\t\t\t<\/div>\n\t\t<\/section>\n\t\t\t\t<section class=\"elementor-section elementor-top-section elementor-element elementor-element-f79167f elementor-section-stretched elementor-section-boxed elementor-section-height-default elementor-section-height-default\" data-id=\"f79167f\" data-element_type=\"section\" data-settings=\"{&quot;stretch_section&quot;:&quot;section-stretched&quot;,&quot;background_background&quot;:&quot;classic&quot;}\">\n\t\t\t\t\t\t<div class=\"elementor-container elementor-column-gap-default\">\n\t\t\t\t\t<div class=\"elementor-column elementor-col-50 elementor-top-column elementor-element elementor-element-db73c97\" data-id=\"db73c97\" data-element_type=\"column\">\n\t\t\t<div class=\"elementor-widget-wrap elementor-element-populated\">\n\t\t\t\t\t\t<div class=\"elementor-element elementor-element-adfe82d elementor-widget elementor-widget-image\" data-id=\"adfe82d\" data-element_type=\"widget\" data-settings=\"{&quot;motion_fx_motion_fx_mouse&quot;:&quot;yes&quot;,&quot;motion_fx_tilt_effect&quot;:&quot;yes&quot;,&quot;motion_fx_tilt_speed&quot;:{&quot;unit&quot;:&quot;px&quot;,&quot;size&quot;:0.9,&quot;sizes&quot;:[]}}\" data-widget_type=\"image.default\">\n\t\t\t\t<div class=\"elementor-widget-container\">\n\t\t\t\t\t\t\t\t\t\t\t\t\t\t\t<img fetchpriority=\"high\" decoding=\"async\" width=\"1024\" height=\"1024\" src=\"https:\/\/bpstudio.com.co\/wp-content\/uploads\/2020\/09\/contenidodigital-bpstudio-brandpackaging-estrategiasdigitales-posiciconamientodigitaldemarca-brandpackaging-1024x1024.jpg\" class=\"attachment-large size-large wp-image-192\" alt=\"\" srcset=\"https:\/\/bpstudio.com.co\/wp-content\/uploads\/2020\/09\/contenidodigital-bpstudio-brandpackaging-estrategiasdigitales-posiciconamientodigitaldemarca-brandpackaging-1024x1024.jpg 1024w, https:\/\/bpstudio.com.co\/wp-content\/uploads\/2020\/09\/contenidodigital-bpstudio-brandpackaging-estrategiasdigitales-posiciconamientodigitaldemarca-brandpackaging-300x300.jpg 300w, https:\/\/bpstudio.com.co\/wp-content\/uploads\/2020\/09\/contenidodigital-bpstudio-brandpackaging-estrategiasdigitales-posiciconamientodigitaldemarca-brandpackaging-150x150.jpg 150w, https:\/\/bpstudio.com.co\/wp-content\/uploads\/2020\/09\/contenidodigital-bpstudio-brandpackaging-estrategiasdigitales-posiciconamientodigitaldemarca-brandpackaging-768x768.jpg 768w, https:\/\/bpstudio.com.co\/wp-content\/uploads\/2020\/09\/contenidodigital-bpstudio-brandpackaging-estrategiasdigitales-posiciconamientodigitaldemarca-brandpackaging-1536x1536.jpg 1536w, https:\/\/bpstudio.com.co\/wp-content\/uploads\/2020\/09\/contenidodigital-bpstudio-brandpackaging-estrategiasdigitales-posiciconamientodigitaldemarca-brandpackaging-2048x2048.jpg 2048w, https:\/\/bpstudio.com.co\/wp-content\/uploads\/2020\/09\/contenidodigital-bpstudio-brandpackaging-estrategiasdigitales-posiciconamientodigitaldemarca-brandpackaging-600x600.jpg 600w, https:\/\/bpstudio.com.co\/wp-content\/uploads\/2020\/09\/contenidodigital-bpstudio-brandpackaging-estrategiasdigitales-posiciconamientodigitaldemarca-brandpackaging-100x100.jpg 100w\" sizes=\"(max-width: 1024px) 100vw, 1024px\" \/>\t\t\t\t\t\t\t\t\t\t\t\t\t\t\t<\/div>\n\t\t\t\t<\/div>\n\t\t\t\t\t<\/div>\n\t\t<\/div>\n\t\t\t\t<div class=\"elementor-column elementor-col-50 elementor-top-column elementor-element elementor-element-26f6021\" data-id=\"26f6021\" data-element_type=\"column\">\n\t\t\t<div class=\"elementor-widget-wrap elementor-element-populated\">\n\t\t\t\t\t\t<div class=\"elementor-element elementor-element-f7f57a6 elementor-widget elementor-widget-text-editor\" data-id=\"f7f57a6\" data-element_type=\"widget\" data-widget_type=\"text-editor.default\">\n\t\t\t\t<div class=\"elementor-widget-container\">\n\t\t\t\t\t\t\t\t\t<p style=\"text-align: justify\">We implement and integrate all of the brand\u2019s digital communication platforms, including social media, customer service channels, websites, physical and online stores, events, trade shows, brand activations, and product launches or relaunches. We support you throughout the creative development of new products and user experiences through packaging design and graphic and digital brand communication.<\/p>\t\t\t\t\t\t\t\t<\/div>\n\t\t\t\t<\/div>\n\t\t\t\t<div class=\"elementor-element elementor-element-aa0e7fb elementor-icon-list--layout-traditional elementor-list-item-link-full_width elementor-widget elementor-widget-icon-list\" data-id=\"aa0e7fb\" data-element_type=\"widget\" data-widget_type=\"icon-list.default\">\n\t\t\t\t<div class=\"elementor-widget-container\">\n\t\t\t\t\t\t\t<ul class=\"elementor-icon-list-items\">\n\t\t\t\t\t\t\t<li class=\"elementor-icon-list-item\">\n\t\t\t\t\t\t\t\t\t\t\t<span class=\"elementor-icon-list-icon\">\n\t\t\t\t\t\t\t<i aria-hidden=\"true\" class=\"fas fa-tablet-alt\"><\/i>\t\t\t\t\t\t<\/span>\n\t\t\t\t\t\t\t\t\t\t<span class=\"elementor-icon-list-text\">WEBSITES WITH ONLINE STORE<\/span>\n\t\t\t\t\t\t\t\t\t<\/li>\n\t\t\t\t\t\t\t\t<li class=\"elementor-icon-list-item\">\n\t\t\t\t\t\t\t\t\t\t\t<span class=\"elementor-icon-list-icon\">\n\t\t\t\t\t\t\t<i aria-hidden=\"true\" class=\"fas fa-camera\"><\/i>\t\t\t\t\t\t<\/span>\n\t\t\t\t\t\t\t\t\t\t<span class=\"elementor-icon-list-text\">PRODUCT PHOTOGRAPHY<\/span>\n\t\t\t\t\t\t\t\t\t<\/li>\n\t\t\t\t\t\t\t\t<li class=\"elementor-icon-list-item\">\n\t\t\t\t\t\t\t\t\t\t\t<span class=\"elementor-icon-list-icon\">\n\t\t\t\t\t\t\t<i aria-hidden=\"true\" class=\"fas fa-pencil-alt\"><\/i>\t\t\t\t\t\t<\/span>\n\t\t\t\t\t\t\t\t\t\t<span class=\"elementor-icon-list-text\">BRAND ACTIVATION STRATEGIES<\/span>\n\t\t\t\t\t\t\t\t\t<\/li>\n\t\t\t\t\t\t\t\t<li class=\"elementor-icon-list-item\">\n\t\t\t\t\t\t\t\t\t\t\t<span class=\"elementor-icon-list-icon\">\n\t\t\t\t\t\t\t<i aria-hidden=\"true\" class=\"fas fa-plug\"><\/i>\t\t\t\t\t\t<\/span>\n\t\t\t\t\t\t\t\t\t\t<span class=\"elementor-icon-list-text\">DIGITAL MARKETING \u2013 FACEBOOK ADS \u2013 GOOGLE ADS<\/span>\n\t\t\t\t\t\t\t\t\t<\/li>\n\t\t\t\t\t\t<\/ul>\n\t\t\t\t\t\t<\/div>\n\t\t\t\t<\/div>\n\t\t\t\t<div class=\"elementor-element elementor-element-b0338cc elementor-align-center elementor-widget elementor-widget-button\" data-id=\"b0338cc\" data-element_type=\"widget\" data-widget_type=\"button.default\">\n\t\t\t\t<div class=\"elementor-widget-container\">\n\t\t\t\t\t\t\t\t\t<div class=\"elementor-button-wrapper\">\n\t\t\t\t\t<a class=\"elementor-button elementor-button-link elementor-size-sm\" href=\"https:\/\/bpstudio.com.co\/en\/landing\/\">\n\t\t\t\t\t\t<span class=\"elementor-button-content-wrapper\">\n\t\t\t\t\t\t\t\t\t<span class=\"elementor-button-text\">More info<\/span>\n\t\t\t\t\t<\/span>\n\t\t\t\t\t<\/a>\n\t\t\t\t<\/div>\n\t\t\t\t\t\t\t\t<\/div>\n\t\t\t\t<\/div>\n\t\t\t\t\t<\/div>\n\t\t<\/div>\n\t\t\t\t\t<\/div>\n\t\t<\/section>\n\t\t\t\t<\/div>","protected":false},"excerpt":{"rendered":"<p>Estrategias Digitales de Marketing y Posicionamiento Web Las marcas hoy se enfrentan a nuevas y variables plataformas digitales de comunicaci\u00f3n y marketing, para ello es necesario implementar un plan de medios, con metas, objetivos y creaci\u00f3n de contenido digital y creaci\u00f3n de experiencias de usuario que lleven el mensaje y construyan la comunicaci\u00f3n de marca. &#8230; <a title=\"Estrategias Digitales de Marketing\" class=\"read-more\" href=\"https:\/\/bpstudio.com.co\/en\/estrategias-digitales-de-marketing\/\" aria-label=\"More on Estrategias Digitales de Marketing\">Read more<\/a><\/p>","protected":false},"author":1,"featured_media":86,"parent":0,"menu_order":0,"comment_status":"closed","ping_status":"closed","template":"","meta":{"generate_page_header":"","_joinchat":{"message_text":"Hola!!\nComo puedo ayudarte?","message_send":"Hola!! Soy\u2026\nDe la Marca o Proyecto\u2026\nEstamos interesados en\u2026"},"footnotes":""},"class_list":["post-187","page","type-page","status-publish","has-post-thumbnail"],"_links":{"self":[{"href":"https:\/\/bpstudio.com.co\/en\/wp-json\/wp\/v2\/pages\/187","targetHints":{"allow":["GET"]}}],"collection":[{"href":"https:\/\/bpstudio.com.co\/en\/wp-json\/wp\/v2\/pages"}],"about":[{"href":"https:\/\/bpstudio.com.co\/en\/wp-json\/wp\/v2\/types\/page"}],"author":[{"embeddable":true,"href":"https:\/\/bpstudio.com.co\/en\/wp-json\/wp\/v2\/users\/1"}],"replies":[{"embeddable":true,"href":"https:\/\/bpstudio.com.co\/en\/wp-json\/wp\/v2\/comments?post=187"}],"version-history":[{"count":26,"href":"https:\/\/bpstudio.com.co\/en\/wp-json\/wp\/v2\/pages\/187\/revisions"}],"predecessor-version":[{"id":3575,"href":"https:\/\/bpstudio.com.co\/en\/wp-json\/wp\/v2\/pages\/187\/revisions\/3575"}],"wp:featuredmedia":[{"embeddable":true,"href":"https:\/\/bpstudio.com.co\/en\/wp-json\/wp\/v2\/media\/86"}],"wp:attachment":[{"href":"https:\/\/bpstudio.com.co\/en\/wp-json\/wp\/v2\/media?parent=187"}],"curies":[{"name":"wp","href":"https:\/\/api.w.org\/{rel}","templated":true}]}}