{"id":2643,"date":"2023-12-14T15:57:59","date_gmt":"2023-12-14T20:57:59","guid":{"rendered":"https:\/\/bpstudio.com.co\/?page_id=2643"},"modified":"2024-02-05T12:04:19","modified_gmt":"2024-02-05T17:04:19","slug":"agendamiento","status":"publish","type":"page","link":"https:\/\/bpstudio.com.co\/en\/agendamiento\/","title":{"rendered":"agendamiento"},"content":{"rendered":"\t\t<div data-elementor-type=\"wp-page\" data-elementor-id=\"2643\" class=\"elementor elementor-2643\" data-elementor-post-type=\"page\">\n\t\t\t\t\t\t<section class=\"elementor-section elementor-top-section elementor-element elementor-element-e8242d6 elementor-section-boxed elementor-section-height-default elementor-section-height-default\" data-id=\"e8242d6\" data-element_type=\"section\">\n\t\t\t\t\t\t<div class=\"elementor-container elementor-column-gap-default\">\n\t\t\t\t\t<div class=\"elementor-column elementor-col-100 elementor-top-column elementor-element elementor-element-d85f0d5\" data-id=\"d85f0d5\" data-element_type=\"column\">\n\t\t\t<div class=\"elementor-widget-wrap elementor-element-populated\">\n\t\t\t\t\t\t<div class=\"elementor-element elementor-element-ffcfe31 elementor-widget elementor-widget-image\" data-id=\"ffcfe31\" data-element_type=\"widget\" data-widget_type=\"image.default\">\n\t\t\t\t<div class=\"elementor-widget-container\">\n\t\t\t\t\t\t\t\t\t\t\t\t\t\t\t<img fetchpriority=\"high\" decoding=\"async\" width=\"1024\" height=\"1024\" src=\"https:\/\/bpstudio.com.co\/wp-content\/uploads\/2023\/08\/PNG-LOGO-BP-STUDIO-BLANCO-PARA-PERFIL-WEB-1024x1024.png\" class=\"attachment-large size-large wp-image-2105\" alt=\"\" srcset=\"https:\/\/bpstudio.com.co\/wp-content\/uploads\/2023\/08\/PNG-LOGO-BP-STUDIO-BLANCO-PARA-PERFIL-WEB-1024x1024.png 1024w, https:\/\/bpstudio.com.co\/wp-content\/uploads\/2023\/08\/PNG-LOGO-BP-STUDIO-BLANCO-PARA-PERFIL-WEB-300x300.png 300w, https:\/\/bpstudio.com.co\/wp-content\/uploads\/2023\/08\/PNG-LOGO-BP-STUDIO-BLANCO-PARA-PERFIL-WEB-150x150.png 150w, https:\/\/bpstudio.com.co\/wp-content\/uploads\/2023\/08\/PNG-LOGO-BP-STUDIO-BLANCO-PARA-PERFIL-WEB-768x768.png 768w, https:\/\/bpstudio.com.co\/wp-content\/uploads\/2023\/08\/PNG-LOGO-BP-STUDIO-BLANCO-PARA-PERFIL-WEB-600x600.png 600w, https:\/\/bpstudio.com.co\/wp-content\/uploads\/2023\/08\/PNG-LOGO-BP-STUDIO-BLANCO-PARA-PERFIL-WEB-100x100.png 100w, https:\/\/bpstudio.com.co\/wp-content\/uploads\/2023\/08\/PNG-LOGO-BP-STUDIO-BLANCO-PARA-PERFIL-WEB.png 1042w\" sizes=\"(max-width: 1024px) 100vw, 1024px\" \/>\t\t\t\t\t\t\t\t\t\t\t\t\t\t\t<\/div>\n\t\t\t\t<\/div>\n\t\t\t\t<div class=\"elementor-element elementor-element-cd85eae elementor-widget elementor-widget-heading\" data-id=\"cd85eae\" data-element_type=\"widget\" data-widget_type=\"heading.default\">\n\t\t\t\t<div class=\"elementor-widget-container\">\n\t\t\t\t\t<h3 class=\"elementor-heading-title elementor-size-default\">Agenda aqu\u00ed tu C<u><i>onsultor\u00eda<\/i><\/u><br><u><i>\u00a1SIN COSTO!<\/i><\/u><\/h3>\t\t\t\t<\/div>\n\t\t\t\t<\/div>\n\t\t\t\t<div class=\"elementor-element elementor-element-478eac0 elementor-widget elementor-widget-heading\" data-id=\"478eac0\" data-element_type=\"widget\" data-widget_type=\"heading.default\">\n\t\t\t\t<div class=\"elementor-widget-container\">\n\t\t\t\t\t<h3 class=\"elementor-heading-title elementor-size-default\"><u>Objetivo: <\/u>Explorar tu  marca o proyecto gr\u00e1fico y definir la ruta para el Desarrollo Creativo.<br>Identificar si la marca o proyecto gr\u00e1fico tiene una Identidad Visual Profesional, una Estructura de Comunicaci\u00f3n y Dise\u00f1o Estructural de Empaques de Productos Personalizados.<\/h3>\t\t\t\t<\/div>\n\t\t\t\t<\/div>\n\t\t\t\t<div class=\"elementor-element elementor-element-dc1516a elementor-widget elementor-widget-text-editor\" data-id=\"dc1516a\" data-element_type=\"widget\" data-widget_type=\"text-editor.default\">\n\t\t\t\t<div class=\"elementor-widget-container\">\n\t\t\t\t\t\t\t\t\t<p>Consultor\u00eda Virtual 1:1 en la cual durante 45 minutos conoceremos detalles del servicio y etapas de desarrollo. Elige la Fecha y Hora que mejor funcione para ti! Nos vemos pronto!<\/p>\t\t\t\t\t\t\t\t<\/div>\n\t\t\t\t<\/div>\n\t\t\t\t<div class=\"elementor-element elementor-element-9a79d60 elementor-widget elementor-widget-jet-engine-booking-form\" data-id=\"9a79d60\" data-element_type=\"widget\" data-widget_type=\"jet-engine-booking-form.default\">\n\t\t\t\t<div class=\"elementor-widget-container\">\n\t\t\t\t\t<form  class=\"jet-form layout-column submit-type-ajax\" action=\"\/en\/wp-json\/wp\/v2\/pages\/2643?jet_engine_action=book&nocache=1777529501\" method=\"POST\" data-form-id=\"1886\"><input class=\"jet-form__field hidden-field\" type=\"hidden\" name=\"_jet_engine_booking_service_id\" value=\"2643\" data-field-name=\"_jet_engine_booking_service_id\"><input class=\"jet-form__field hidden-field\" type=\"hidden\" name=\"_jet_engine_booking_form_id\" value=\"1886\" data-field-name=\"_jet_engine_booking_form_id\"><input class=\"jet-form__field hidden-field\" type=\"hidden\" name=\"_jet_engine_refer\" value=\"https:\/\/bpstudio.com.co\/en\/wp-json\/wp\/v2\/pages\/2643\" data-field-name=\"_jet_engine_refer\"><div  class=\"jet-form-row jet-form-row--first-visible\"><div class=\"jet-form-col jet-form-col-12  field-type-text  jet-form-field-container\" data-field=\"field_name\" data-conditional=\"false\"><input class=\"jet-form__field text-field \" placeholder=\"Nombre\" value=\"\" required=\"required\" name=\"field_name\" id=\"field_name\" type=\"text\" data-field-name=\"field_name\"><\/div><\/div><div class=\"jet-form__divider\"><\/div><div  class=\"jet-form-row\"><div class=\"jet-form-col jet-form-col-12  field-type-number  jet-form-field-container\" data-field=\"field_cel\" data-conditional=\"false\"><input type=\"number\" class=\"jet-form__field text-field\" placeholder=\"Celular\" value=\"\" required=\"required\" step=\"1\" name=\"field_cel\" data-field-name=\"field_cel\" id=\"field_cel\"><\/div><\/div><div class=\"jet-form__divider\"><\/div><div  class=\"jet-form-row\"><div class=\"jet-form-col jet-form-col-12  field-type-text  jet-form-field-container\" data-field=\"user_email\" data-conditional=\"false\"><input class=\"jet-form__field text-field \" placeholder=\"E-mail\" value=\"\" required=\"required\" name=\"user_email\" id=\"user_email\" type=\"email\" data-field-name=\"user_email\"><\/div><\/div><div class=\"jet-form__divider\"><\/div><div  class=\"jet-form-row\"><div class=\"jet-form-col jet-form-col-12  field-type-appointment_date  jet-form-field-container\" data-field=\"appointment_date\" data-conditional=\"false\"><div class=\"jet-form__label\">\n\t<label class=\"jet-form__label-text\" for=\"appointment_date\">Detalles del agendamiento<span class=\"jet-form__required\">*<\/span><\/label>\n\t<\/div><div class=\"jet-apb-calendar-wrapper\">\n\t<div class=\"appointment-calendar jet-apb-calendar\" data-args=\"{&quot;booking_type&quot;:&quot;slot&quot;,&quot;excludedDates&quot;:[{&quot;start&quot;:1704067200,&quot;end&quot;:1704672000},{&quot;start&quot;:1711324800,&quot;end&quot;:1712016000},{&quot;start&quot;:1714521600,&quot;end&quot;:1714521600},{&quot;start&quot;:1715558400,&quot;end&quot;:1715558400},{&quot;start&quot;:1706486400,&quot;end&quot;:1706659200},{&quot;start&quot;:1710115200,&quot;end&quot;:1710115200},{&quot;start&quot;:1707264000,&quot;end&quot;:1707264000},{&quot;start&quot;:1709078400,&quot;end&quot;:1709337600},{&quot;start&quot;:1707696000,&quot;end&quot;:1707696000},{&quot;start&quot;:1707091200,&quot;end&quot;:1707091200},{&quot;start&quot;:1715126400,&quot;end&quot;:1715126400},{&quot;start&quot;:1715731200,&quot;end&quot;:1715731200},{&quot;start&quot;:1714953600,&quot;end&quot;:1714953600},{&quot;start&quot;:1715558400,&quot;end&quot;:1715558400},{&quot;start&quot;:1715644800,&quot;end&quot;:1715644800},{&quot;start&quot;:1730419200,&quot;end&quot;:1730592000}],&quot;worksDates&quot;:[],&quot;availableWeekDays&quot;:[&quot;monday&quot;,&quot;tuesday&quot;,&quot;wednesday&quot;,&quot;thursday&quot;,&quot;friday&quot;],&quot;service&quot;:{&quot;id&quot;:2643},&quot;providerIsset&quot;:false,&quot;provider&quot;:false,&quot;inputName&quot;:&quot;appointment_date&quot;,&quot;isRequired&quot;:true,&quot;allowedServices&quot;:false}\"><\/div>\n\n\t\t<div class=\"jet-apb-calendar-appointments-list-wrapper\" style=\"display: none\">\n\t\t<div class=\"jet-form__heading\">\n\t\t\t<span class=\"jet-form__label-text\">Appointment details:<\/span>\n\t\t<\/div>\n\t\t<div class=\"jet-apb-calendar-appointments-list\"><\/div>\n\t<\/div>\n\t<div class=\"jet-apb-calendar-notification\" style=\"display: none\">\n\t\t<div class=\"jet-apb-calendar-notification-service\">Please, select the service first.<\/div>\n\t\t<div class=\"jet-apb-calendar-notification-provider\">Please, select the provider first.<\/div>\n\t\t<div class=\"jet-apb-calendar-notification-service-field\">Please set service field for current calendar<\/div>\n\t\t<div class=\"jet-apb-calendar-notification-max-slots\">Sorry. You have the max number of appointments.<\/div>\n\t<\/div>\n<\/div>\n<\/div><\/div><div class=\"jet-form__divider\"><\/div><div  class=\"jet-form-row jet-form-row--submit\"><div class=\"jet-form-col jet-form-col-12  field-type-submit  jet-form-field-container\" data-field=\"Submit\" data-conditional=\"false\"><div class=\"jet-form__submit-wrap\">\n\t\t<button class=\"jet-form__submit submit-type-ajax\" type=\"button\">AGENDAR CITA<\/button>\n<\/div><\/div><\/div><input class=\"jet-form__field hidden-field\" type=\"hidden\" name=\"_jet_engine_nonce\" value=\"df80fe4b77\" data-field-name=\"_jet_engine_nonce\"><\/form><div class=\"jet-form-messages-wrap\" data-form-id=\"1886\"><\/div>\t\t\t\t<\/div>\n\t\t\t\t<\/div>\n\t\t\t\t\t<\/div>\n\t\t<\/div>\n\t\t\t\t\t<\/div>\n\t\t<\/section>\n\t\t\t\t<\/div>\n\t\t","protected":false},"excerpt":{"rendered":"<p>Agenda aqu\u00ed tu Consultor\u00eda\u00a1SIN COSTO! Objetivo: Explorar tu marca o proyecto gr\u00e1fico y definir la ruta para el Desarrollo Creativo.Identificar si la marca o proyecto gr\u00e1fico tiene una Identidad Visual Profesional, una Estructura de Comunicaci\u00f3n y Dise\u00f1o Estructural de Empaques de Productos Personalizados. Consultor\u00eda Virtual 1:1 en la cual durante 45 minutos conoceremos detalles del &#8230; <a title=\"agendamiento\" class=\"read-more\" href=\"https:\/\/bpstudio.com.co\/en\/agendamiento\/\" aria-label=\"More on agendamiento\">Read more<\/a><\/p>","protected":false},"author":1,"featured_media":2108,"parent":0,"menu_order":0,"comment_status":"closed","ping_status":"closed","template":"elementor_canvas","meta":{"generate_page_header":"","_joinchat":[],"footnotes":""},"class_list":["post-2643","page","type-page","status-publish","has-post-thumbnail"],"_links":{"self":[{"href":"https:\/\/bpstudio.com.co\/en\/wp-json\/wp\/v2\/pages\/2643","targetHints":{"allow":["GET"]}}],"collection":[{"href":"https:\/\/bpstudio.com.co\/en\/wp-json\/wp\/v2\/pages"}],"about":[{"href":"https:\/\/bpstudio.com.co\/en\/wp-json\/wp\/v2\/types\/page"}],"author":[{"embeddable":true,"href":"https:\/\/bpstudio.com.co\/en\/wp-json\/wp\/v2\/users\/1"}],"replies":[{"embeddable":true,"href":"https:\/\/bpstudio.com.co\/en\/wp-json\/wp\/v2\/comments?post=2643"}],"version-history":[{"count":17,"href":"https:\/\/bpstudio.com.co\/en\/wp-json\/wp\/v2\/pages\/2643\/revisions"}],"predecessor-version":[{"id":2988,"href":"https:\/\/bpstudio.com.co\/en\/wp-json\/wp\/v2\/pages\/2643\/revisions\/2988"}],"wp:featuredmedia":[{"embeddable":true,"href":"https:\/\/bpstudio.com.co\/en\/wp-json\/wp\/v2\/media\/2108"}],"wp:attachment":[{"href":"https:\/\/bpstudio.com.co\/en\/wp-json\/wp\/v2\/media?parent=2643"}],"curies":[{"name":"wp","href":"https:\/\/api.w.org\/{rel}","templated":true}]}}