{"id":3010,"date":"2024-02-06T07:45:03","date_gmt":"2024-02-06T12:45:03","guid":{"rendered":"https:\/\/bpstudio.com.co\/?page_id=3010"},"modified":"2024-02-08T15:40:30","modified_gmt":"2024-02-08T20:40:30","slug":"confirmacion-cita","status":"publish","type":"page","link":"https:\/\/bpstudio.com.co\/en\/confirmacion-cita\/","title":{"rendered":"Confirmacion Cita"},"content":{"rendered":"<div data-elementor-type=\"wp-page\" data-elementor-id=\"3010\" class=\"elementor elementor-3010\" data-elementor-post-type=\"page\">\n\t\t\t\t\t\t<section class=\"elementor-section elementor-top-section elementor-element elementor-element-b3dc2f4 elementor-section-boxed elementor-section-height-default elementor-section-height-default\" data-id=\"b3dc2f4\" data-element_type=\"section\">\n\t\t\t\t\t\t<div class=\"elementor-container elementor-column-gap-default\">\n\t\t\t\t\t<div class=\"elementor-column elementor-col-100 elementor-top-column elementor-element elementor-element-37d6d15\" data-id=\"37d6d15\" data-element_type=\"column\">\n\t\t\t<div class=\"elementor-widget-wrap elementor-element-populated\">\n\t\t\t\t\t\t<div class=\"elementor-element elementor-element-d6b5bd4 elementor-view-default elementor-widget elementor-widget-icon\" data-id=\"d6b5bd4\" data-element_type=\"widget\" data-widget_type=\"icon.default\">\n\t\t\t\t<div class=\"elementor-widget-container\">\n\t\t\t\t\t\t\t<div class=\"elementor-icon-wrapper\">\n\t\t\t<div class=\"elementor-icon\">\n\t\t\t<i aria-hidden=\"true\" class=\"far fa-check-circle\"><\/i>\t\t\t<\/div>\n\t\t<\/div>\n\t\t\t\t\t\t<\/div>\n\t\t\t\t<\/div>\n\t\t\t\t<div class=\"elementor-element elementor-element-a09a402 elementor-widget elementor-widget-heading\" data-id=\"a09a402\" data-element_type=\"widget\" data-widget_type=\"heading.default\">\n\t\t\t\t<div class=\"elementor-widget-container\">\n\t\t\t\t\t<h3 class=\"elementor-heading-title elementor-size-default\">TU CITA HA SIDO AGENDADA EXITOSAMENTE<\/h3>\t\t\t\t<\/div>\n\t\t\t\t<\/div>\n\t\t\t\t<div class=\"elementor-element elementor-element-446ec89 elementor-widget elementor-widget-text-editor\" data-id=\"446ec89\" data-element_type=\"widget\" data-widget_type=\"text-editor.default\">\n\t\t\t\t<div class=\"elementor-widget-container\">\n\t\t\t\t\t\t\t\t\t<p>Felicidades por tu compromiso en el Impacto Visual de tu Marca o Proyecto Gr\u00e1fico. <strong>Hemos enviado a tu correo<\/strong> todos los datos de agendamiento de tu Consultor\u00eda.<em> (Recuerda revisar en correo no deseado o spam.)<\/em><\/p><p style=\"text-align: center\"><strong>Dudas o Inquietudes, cont\u00e1ctanos via WhatsApp<\/strong><\/p>\t\t\t\t\t\t\t\t<\/div>\n\t\t\t\t<\/div>\n\t\t\t\t<div class=\"elementor-element elementor-element-48d6cd2 elementor-view-default elementor-widget elementor-widget-icon\" data-id=\"48d6cd2\" data-element_type=\"widget\" data-widget_type=\"icon.default\">\n\t\t\t\t<div class=\"elementor-widget-container\">\n\t\t\t\t\t\t\t<div class=\"elementor-icon-wrapper\">\n\t\t\t<a class=\"elementor-icon\" href=\"https:\/\/www.instagram.com\/bp.designstudio\" target=\"_blank\" rel=\"noopener\">\n\t\t\t<i aria-hidden=\"true\" class=\"fab fa-instagram\"><\/i>\t\t\t<\/a>\n\t\t<\/div>\n\t\t\t\t\t\t<\/div>\n\t\t\t\t<\/div>\n\t\t\t\t\t<\/div>\n\t\t<\/div>\n\t\t\t\t\t<\/div>\n\t\t<\/section>\n\t\t\t\t<\/div>","protected":false},"excerpt":{"rendered":"<p>TU CITA HA SIDO AGENDADA EXITOSAMENTE Felicidades por tu compromiso en el Impacto Visual de tu Marca o Proyecto Gr\u00e1fico. Hemos enviado a tu correo todos los datos de agendamiento de tu Consultor\u00eda. (Recuerda revisar en correo no deseado o spam.) Dudas o Inquietudes, cont\u00e1ctanos via WhatsApp<\/p>","protected":false},"author":1,"featured_media":0,"parent":0,"menu_order":0,"comment_status":"closed","ping_status":"closed","template":"","meta":{"generate_page_header":"","_joinchat":[],"footnotes":""},"class_list":["post-3010","page","type-page","status-publish"],"_links":{"self":[{"href":"https:\/\/bpstudio.com.co\/en\/wp-json\/wp\/v2\/pages\/3010","targetHints":{"allow":["GET"]}}],"collection":[{"href":"https:\/\/bpstudio.com.co\/en\/wp-json\/wp\/v2\/pages"}],"about":[{"href":"https:\/\/bpstudio.com.co\/en\/wp-json\/wp\/v2\/types\/page"}],"author":[{"embeddable":true,"href":"https:\/\/bpstudio.com.co\/en\/wp-json\/wp\/v2\/users\/1"}],"replies":[{"embeddable":true,"href":"https:\/\/bpstudio.com.co\/en\/wp-json\/wp\/v2\/comments?post=3010"}],"version-history":[{"count":13,"href":"https:\/\/bpstudio.com.co\/en\/wp-json\/wp\/v2\/pages\/3010\/revisions"}],"predecessor-version":[{"id":3025,"href":"https:\/\/bpstudio.com.co\/en\/wp-json\/wp\/v2\/pages\/3010\/revisions\/3025"}],"wp:attachment":[{"href":"https:\/\/bpstudio.com.co\/en\/wp-json\/wp\/v2\/media?parent=3010"}],"curies":[{"name":"wp","href":"https:\/\/api.w.org\/{rel}","templated":true}]}}