{"id":1136,"date":"2021-09-01T06:00:12","date_gmt":"2021-09-01T06:00:12","guid":{"rendered":"https:\/\/bpstudio.com.co\/?post_type=product&#038;p=1136"},"modified":"2024-06-05T17:00:49","modified_gmt":"2024-06-05T22:00:49","slug":"exhibidores-mini-para-joyeria-y-accesorios","status":"publish","type":"product","link":"https:\/\/bpstudio.com.co\/en\/product\/exhibidores-mini-para-joyeria-y-accesorios\/","title":{"rendered":"Mini displays for Jewelry &amp; Accessories"},"content":{"rendered":"<p>Exhibidores mini para joyer\u00eda y accesorios, elaborados en cart\u00f3n liviano, resistente, dise\u00f1o de marca personalizado estampado en foil metalizado. Troquelados con perforaci\u00f3nes para aretes peque\u00f1os, cadenas y pulseras. <strong>Medidas: 9.5*7.5 cm<\/strong><br \/>\n<!--more--><\/p>\n<p><strong>BENEFICIOS O FUNCIONES:<\/strong><\/p>\n<ul>\n<li>Recurso de empaque de marca personalizado ideal para soportar joyer\u00eda y accesorios<\/li>\n<li>Logotipo de marca estampado en foil metalizado<\/li>\n<li>Pedido m\u00ednimo de 300 Unds.<\/li>\n<li>Empaque personalizado multifuncional para la marca<\/li>\n<li><strong>Experiencia \u00fanica<\/strong> para los seguidores de la marca<\/li>\n<\/ul>","protected":false},"excerpt":{"rendered":"<p>Exhibidores Mini para joyer\u00eda y accesorios.\u00a0<b>Medidas: 9.5*7.5 cm<\/b><\/p>\n<p>Elaborados en cartones livianos, resistentes, 100% personalizado de marca.\u00a0Incluye perforaciones para aretes peque\u00f1os, pulseras o cadenas.<\/p>","protected":false},"featured_media":1140,"comment_status":"open","ping_status":"closed","template":"","meta":{"generate_page_header":"","_joinchat":{"message_text":"Hola!! Como puedo ayudarte?","message_send":"Hola!! Soy\u2026\nDe la Marca y\/o Proyecto\u2026\nEstamos interesados\u2026"}},"product_brand":[],"product_cat":[21,53],"product_tag":[],"class_list":{"0":"post-1136","1":"product","2":"type-product","3":"status-publish","4":"has-post-thumbnail","6":"product_cat-empaques-para-joyeria-y-accesorios","7":"product_cat-tarjeteria-y-elementos-de-empaque","8":"sales-flash-overlay","9":"woocommerce-text-align-center","10":"woocommerce-image-align-center","11":"do-quantity-buttons","12":"wc-has-gallery","14":"first","15":"instock","16":"shipping-taxable","17":"purchasable","18":"product-type-variable","19":"has-default-attributes"},"_links":{"self":[{"href":"https:\/\/bpstudio.com.co\/en\/wp-json\/wp\/v2\/product\/1136","targetHints":{"allow":["GET"]}}],"collection":[{"href":"https:\/\/bpstudio.com.co\/en\/wp-json\/wp\/v2\/product"}],"about":[{"href":"https:\/\/bpstudio.com.co\/en\/wp-json\/wp\/v2\/types\/product"}],"replies":[{"embeddable":true,"href":"https:\/\/bpstudio.com.co\/en\/wp-json\/wp\/v2\/comments?post=1136"}],"wp:featuredmedia":[{"embeddable":true,"href":"https:\/\/bpstudio.com.co\/en\/wp-json\/wp\/v2\/media\/1140"}],"wp:attachment":[{"href":"https:\/\/bpstudio.com.co\/en\/wp-json\/wp\/v2\/media?parent=1136"}],"wp:term":[{"taxonomy":"product_brand","embeddable":true,"href":"https:\/\/bpstudio.com.co\/en\/wp-json\/wp\/v2\/product_brand?post=1136"},{"taxonomy":"product_cat","embeddable":true,"href":"https:\/\/bpstudio.com.co\/en\/wp-json\/wp\/v2\/product_cat?post=1136"},{"taxonomy":"product_tag","embeddable":true,"href":"https:\/\/bpstudio.com.co\/en\/wp-json\/wp\/v2\/product_tag?post=1136"}],"curies":[{"name":"wp","href":"https:\/\/api.w.org\/{rel}","templated":true}]}}