{"id":1432,"date":"2021-12-21T21:12:32","date_gmt":"2021-12-21T21:12:32","guid":{"rendered":"https:\/\/bpstudio.com.co\/?post_type=product&#038;p=1432"},"modified":"2024-06-06T07:34:33","modified_gmt":"2024-06-06T12:34:33","slug":"caja-en-carton-personalizada-para-joyeria-modelo-tipo-cofre-12x14x3-5-cm","status":"publish","type":"product","link":"https:\/\/bpstudio.com.co\/en\/product\/caja-en-carton-personalizada-para-joyeria-modelo-tipo-cofre-12x14x3-5-cm\/","title":{"rendered":"Custom Cardboard Jewelry Box \u2013 Chest Style | 12 \u00d7 14 \u00d7 3.5 cm"},"content":{"rendered":"<p>Caja en cart\u00f3n plegadizo, dise\u00f1o impreso en colores de la marca. Caja modelo tipo cofre para joyer\u00eda y accesorios, elaboradas en cart\u00f3n plegadizo armables, cart\u00f3n con acabado en pl\u00e1stico mate para proteger el color, <b>DISE\u00d1O IMPRESO EN COLORES DE LA MARCA<\/b>, Medidas en cent\u00edmetros para la caja armada. Largo, Ancho, Altura: 12 x 14 x 3,5 cm<\/p>\n<p><strong>BENEFICIOS O FUNCIONALIDADES:<\/strong><\/p>\n<ul>\n<li>Empaque ideal para joyer\u00eda y accesorios medianos<\/li>\n<li>Dise\u00f1o de empaque personalizado para tu marca<\/li>\n<li>Incluye nido interno con perforaciones para sujetar la prenda<\/li>\n<li>Cajas armables sistema tipo base y tapa, funcional para regalos y env\u00edos nacionales<\/li>\n<li><strong>Experiencia \u00fanica<\/strong> para los seguidores de tu marca<\/li>\n<\/ul>","protected":false},"excerpt":{"rendered":"<p><strong>CAJA PARA JOYER\u00cdA TIPO COFRE, Dise\u00f1o de Marca Personalizado<\/strong><\/p>\n<p>Cajas en cart\u00f3n plegadizo, logotipo y dise\u00f1o de empaque impreso en colores de la marca, acabado mate, se entregan desplegadas listas para armar manualmente una a una. Incluye nido interno en cart\u00f3n para soportar las joyas<\/p>","protected":false},"featured_media":3585,"comment_status":"open","ping_status":"closed","template":"","meta":{"generate_page_header":"","_joinchat":{"message_text":"Hola!!\nComo puedo ayudarte?","message_send":"Hola!! Soy\u2026\nDe la Marca o Proyecto\u2026\nEstamos interesados en\u2026"}},"product_brand":[],"product_cat":[21],"product_tag":[],"class_list":{"0":"post-1432","1":"product","2":"type-product","3":"status-publish","4":"has-post-thumbnail","6":"product_cat-empaques-para-joyeria-y-accesorios","7":"sales-flash-overlay","8":"woocommerce-text-align-center","9":"woocommerce-image-align-center","10":"do-quantity-buttons","11":"wc-has-gallery","13":"first","14":"instock","15":"shipping-taxable","16":"purchasable","17":"product-type-variable","18":"has-default-attributes"},"_links":{"self":[{"href":"https:\/\/bpstudio.com.co\/en\/wp-json\/wp\/v2\/product\/1432","targetHints":{"allow":["GET"]}}],"collection":[{"href":"https:\/\/bpstudio.com.co\/en\/wp-json\/wp\/v2\/product"}],"about":[{"href":"https:\/\/bpstudio.com.co\/en\/wp-json\/wp\/v2\/types\/product"}],"replies":[{"embeddable":true,"href":"https:\/\/bpstudio.com.co\/en\/wp-json\/wp\/v2\/comments?post=1432"}],"wp:featuredmedia":[{"embeddable":true,"href":"https:\/\/bpstudio.com.co\/en\/wp-json\/wp\/v2\/media\/3585"}],"wp:attachment":[{"href":"https:\/\/bpstudio.com.co\/en\/wp-json\/wp\/v2\/media?parent=1432"}],"wp:term":[{"taxonomy":"product_brand","embeddable":true,"href":"https:\/\/bpstudio.com.co\/en\/wp-json\/wp\/v2\/product_brand?post=1432"},{"taxonomy":"product_cat","embeddable":true,"href":"https:\/\/bpstudio.com.co\/en\/wp-json\/wp\/v2\/product_cat?post=1432"},{"taxonomy":"product_tag","embeddable":true,"href":"https:\/\/bpstudio.com.co\/en\/wp-json\/wp\/v2\/product_tag?post=1432"}],"curies":[{"name":"wp","href":"https:\/\/api.w.org\/{rel}","templated":true}]}}