{"id":1477,"date":"2022-01-08T21:05:25","date_gmt":"2022-01-08T21:05:25","guid":{"rendered":"https:\/\/bpstudio.com.co\/?post_type=product&#038;p=1477"},"modified":"2026-02-02T07:37:10","modified_gmt":"2026-02-02T12:37:10","slug":"cajas-personalizadas-para-galletas-y-marca-de-reposteria","status":"publish","type":"product","link":"https:\/\/bpstudio.com.co\/en\/product\/cajas-personalizadas-para-galletas-y-marca-de-reposteria\/","title":{"rendered":"Custom Cookie Boxes for Bakery Brands"},"content":{"rendered":"<p>Cajas en cart\u00f3n plegadizo, dise\u00f1o externo impreso en colores de la marca, mensaje y datos de contacto. Cajas para galletas de 4.5 cm.<\/p>\n<p><b><u>Medidas: 16.5*5*5 cm.<\/u><\/b><\/p>\n<p><strong>BENEFICIOS O FUNCIONALIDADES:<\/strong><\/p>\n<ul>\n<li>Empaque ideal para marcas de reposter\u00eda y comida delivery<\/li>\n<li>Dise\u00f1o de empaque personalizado con tu marca y datos de contacto<\/li>\n<li>Ideales para galletas de 4.5 cm di\u00e1metro<\/li>\n<li>Caja pledadiza, se arma una a una, funcional para regalos y env\u00edos locales<\/li>\n<li><strong>Experiencia \u00fanica<\/strong> para los seguidores de la marca<\/li>\n<\/ul>","protected":false},"excerpt":{"rendered":"<p><b>CAJAS PERSONALIZADAS PARA MARCAS DE REPOSTER\u00cdA\u00a0<\/b><\/p>\n<p>Cajas en cart\u00f3n plegable autoarmable, dise\u00f1o personalizado empaques marca de reposter\u00eda. <b><u>Medidas: 16.5*5*5 cm.<\/u><\/b><\/p>","protected":false},"featured_media":1481,"comment_status":"open","ping_status":"closed","template":"","meta":{"generate_page_header":"","_joinchat":{"message_text":"Hola!!\nComo puedo ayudarte?","message_send":"Hola!! Soy\u2026\nDe la Marca \u00f3 Proyecto\u2026\nEstamos interesados\u2026"}},"product_brand":[],"product_cat":[25],"product_tag":[],"class_list":{"0":"post-1477","1":"product","2":"type-product","3":"status-publish","4":"has-post-thumbnail","6":"product_cat-empaques-reposteria-y-restaurante","7":"sales-flash-overlay","8":"woocommerce-text-align-center","9":"woocommerce-image-align-center","10":"do-quantity-buttons","11":"wc-has-gallery","13":"first","14":"instock","15":"shipping-taxable","16":"purchasable","17":"product-type-variable","18":"has-default-attributes"},"_links":{"self":[{"href":"https:\/\/bpstudio.com.co\/en\/wp-json\/wp\/v2\/product\/1477","targetHints":{"allow":["GET"]}}],"collection":[{"href":"https:\/\/bpstudio.com.co\/en\/wp-json\/wp\/v2\/product"}],"about":[{"href":"https:\/\/bpstudio.com.co\/en\/wp-json\/wp\/v2\/types\/product"}],"replies":[{"embeddable":true,"href":"https:\/\/bpstudio.com.co\/en\/wp-json\/wp\/v2\/comments?post=1477"}],"wp:featuredmedia":[{"embeddable":true,"href":"https:\/\/bpstudio.com.co\/en\/wp-json\/wp\/v2\/media\/1481"}],"wp:attachment":[{"href":"https:\/\/bpstudio.com.co\/en\/wp-json\/wp\/v2\/media?parent=1477"}],"wp:term":[{"taxonomy":"product_brand","embeddable":true,"href":"https:\/\/bpstudio.com.co\/en\/wp-json\/wp\/v2\/product_brand?post=1477"},{"taxonomy":"product_cat","embeddable":true,"href":"https:\/\/bpstudio.com.co\/en\/wp-json\/wp\/v2\/product_cat?post=1477"},{"taxonomy":"product_tag","embeddable":true,"href":"https:\/\/bpstudio.com.co\/en\/wp-json\/wp\/v2\/product_tag?post=1477"}],"curies":[{"name":"wp","href":"https:\/\/api.w.org\/{rel}","templated":true}]}}