{"id":1503,"date":"2022-01-09T14:55:12","date_gmt":"2022-01-09T14:55:12","guid":{"rendered":"https:\/\/bpstudio.com.co\/?post_type=product&#038;p=1503"},"modified":"2024-06-05T16:58:02","modified_gmt":"2024-06-05T21:58:02","slug":"caja-mini-para-reposteria-y-restaurantes-personalizados-18x12x8-cm","status":"publish","type":"product","link":"https:\/\/bpstudio.com.co\/en\/product\/caja-mini-para-reposteria-y-restaurantes-personalizados-18x12x8-cm\/","title":{"rendered":"Mini Custom Boxes for Bakery &amp; Restaurants | 18 \u00d7 12 \u00d7 8 cm"},"content":{"rendered":"<p>Caja en cart\u00f3n plegadizo, dise\u00f1o externo impreso en colores de la marca, mensaje y datos de contacto. Cajas personalizadas autoarmables una a una. Se env\u00edan desplegadas listas para armar una a una.<\/p>\n<p><u><b>Medidas: 18*12*8 cm.<\/b><\/u><\/p>\n<p><strong>BENEFICIOS O FUNCIONALIDADES:<\/strong><\/p>\n<ul>\n<li>Empaque ideal para marcas de reposter\u00eda y comida delivery<\/li>\n<li>Dise\u00f1o de empaque personalizado con tu marca y datos de contacto<\/li>\n<li>Caja pledadiza, se arma una a una, funcional para regalos y env\u00edos locales<\/li>\n<li><strong>Experiencia \u00fanica<\/strong> para los seguidores de tu marca<\/li>\n<\/ul>","protected":false},"excerpt":{"rendered":"<p><strong>CAJA MINI PARA REPOSTER\u00cdA Y RESTAURANTES\u00a0<\/strong><\/p>\n<p>Dise\u00f1o personalizado de marca impreso en colores corporativos, logotipo y datos de contacto. Caja autoarmable una a una. <u><b>Medidas: 18*12*8 cm.<\/b><\/u><\/p>","protected":false},"featured_media":1528,"comment_status":"open","ping_status":"closed","template":"","meta":{"generate_page_header":"","_joinchat":{"message_text":"Hola!!\nComo puedo ayudarte?","message_send":"Hola!! Soy\u2026\nDe la Marca \u00f3 Proyecto\u2026\nEstamos interesados\u2026"}},"product_brand":[],"product_cat":[25],"product_tag":[],"class_list":{"0":"post-1503","1":"product","2":"type-product","3":"status-publish","4":"has-post-thumbnail","6":"product_cat-empaques-reposteria-y-restaurante","7":"sales-flash-overlay","8":"woocommerce-text-align-center","9":"woocommerce-image-align-center","10":"do-quantity-buttons","11":"wc-has-gallery","13":"first","14":"instock","15":"shipping-taxable","16":"purchasable","17":"product-type-variable","18":"has-default-attributes"},"_links":{"self":[{"href":"https:\/\/bpstudio.com.co\/en\/wp-json\/wp\/v2\/product\/1503","targetHints":{"allow":["GET"]}}],"collection":[{"href":"https:\/\/bpstudio.com.co\/en\/wp-json\/wp\/v2\/product"}],"about":[{"href":"https:\/\/bpstudio.com.co\/en\/wp-json\/wp\/v2\/types\/product"}],"replies":[{"embeddable":true,"href":"https:\/\/bpstudio.com.co\/en\/wp-json\/wp\/v2\/comments?post=1503"}],"wp:featuredmedia":[{"embeddable":true,"href":"https:\/\/bpstudio.com.co\/en\/wp-json\/wp\/v2\/media\/1528"}],"wp:attachment":[{"href":"https:\/\/bpstudio.com.co\/en\/wp-json\/wp\/v2\/media?parent=1503"}],"wp:term":[{"taxonomy":"product_brand","embeddable":true,"href":"https:\/\/bpstudio.com.co\/en\/wp-json\/wp\/v2\/product_brand?post=1503"},{"taxonomy":"product_cat","embeddable":true,"href":"https:\/\/bpstudio.com.co\/en\/wp-json\/wp\/v2\/product_cat?post=1503"},{"taxonomy":"product_tag","embeddable":true,"href":"https:\/\/bpstudio.com.co\/en\/wp-json\/wp\/v2\/product_tag?post=1503"}],"curies":[{"name":"wp","href":"https:\/\/api.w.org\/{rel}","templated":true}]}}