{"id":3599,"date":"2024-06-06T07:58:45","date_gmt":"2024-06-06T12:58:45","guid":{"rendered":"https:\/\/bpstudio.com.co\/?post_type=product&#038;p=3599"},"modified":"2024-06-06T08:17:01","modified_gmt":"2024-06-06T13:17:01","slug":"cajas-personalizadas-para-joyeria-modelo-tipo-cajon-10x10-cm","status":"publish","type":"product","link":"https:\/\/bpstudio.com.co\/en\/product\/cajas-personalizadas-para-joyeria-modelo-tipo-cajon-10x10-cm\/","title":{"rendered":"Custom Jewelry Boxes \u2013 Drawer Style | 10 \u00d7 10 cm"},"content":{"rendered":"<p>Cajas en cart\u00f3n plegadizo auto armables, dise\u00f1o impreso en colores de la marca, acabado en pl\u00e1stico mate, logotipo estampado en foil dorado metalizado brillante. Se entregan desplegadas listas para armar una a una, incluye nido interno en cart\u00f3n con perforaciones para sujetar la joya.<\/p>\n<p><b>Medidas: CAJA ARMADA (10<\/b><b> x 10 x 4) cm.<\/b><\/p>\n<p><strong>BENEFICIOS O FUNCIONALIDADES:<\/strong><\/p>\n<ul>\n<li>Empaque ideal para joyer\u00eda y accesorios peque\u00f1os<\/li>\n<li>Dise\u00f1o de empaque personalizado para tu marca<\/li>\n<li>Incluye nido interno con perforaciones para sujetar la prenda<\/li>\n<li>Cajas armables sistema tipo caj\u00f3n para halar, funcional para regalos y env\u00edos nacionales<\/li>\n<li>Experiencia \u00fanica para los seguidores de tu marca<\/li>\n<\/ul>\n<p>&nbsp;<\/p>","protected":false},"excerpt":{"rendered":"<p><b>CAJAS PERSONALIZADA PARA JOYER\u00cdA MODELO TIPO CAJ\u00d3N &#8211; (10 x 10 x 4 cm.)<\/b><br \/>\nCajas en cart\u00f3n plegadizo 320 gramos, modelo tipo caj\u00f3n para halar, dise\u00f1o impreso de la marca, acabado manual para fijar detalles del empaque (cinta para halar). Se entregan desplegadas listas para armar manualmente una a una. Incluye nido en cart\u00f3n con perforaciones para sujetar las joyas.<\/p>","protected":false},"featured_media":3603,"comment_status":"open","ping_status":"closed","template":"","meta":{"generate_page_header":"","_joinchat":{"message_text":"Hola!!\nComo puedo ayudarte?","message_send":"Hola!! Soy\u2026\nDe la Marca o Proyecto\u2026\nEstamos interesados en\u2026"}},"product_brand":[],"product_cat":[21],"product_tag":[],"class_list":{"0":"post-3599","1":"product","2":"type-product","3":"status-publish","4":"has-post-thumbnail","6":"product_cat-empaques-para-joyeria-y-accesorios","7":"sales-flash-overlay","8":"woocommerce-text-align-center","9":"woocommerce-image-align-center","10":"do-quantity-buttons","11":"wc-has-gallery","13":"first","14":"instock","15":"shipping-taxable","16":"purchasable","17":"product-type-variable","18":"has-default-attributes"},"_links":{"self":[{"href":"https:\/\/bpstudio.com.co\/en\/wp-json\/wp\/v2\/product\/3599","targetHints":{"allow":["GET"]}}],"collection":[{"href":"https:\/\/bpstudio.com.co\/en\/wp-json\/wp\/v2\/product"}],"about":[{"href":"https:\/\/bpstudio.com.co\/en\/wp-json\/wp\/v2\/types\/product"}],"replies":[{"embeddable":true,"href":"https:\/\/bpstudio.com.co\/en\/wp-json\/wp\/v2\/comments?post=3599"}],"wp:featuredmedia":[{"embeddable":true,"href":"https:\/\/bpstudio.com.co\/en\/wp-json\/wp\/v2\/media\/3603"}],"wp:attachment":[{"href":"https:\/\/bpstudio.com.co\/en\/wp-json\/wp\/v2\/media?parent=3599"}],"wp:term":[{"taxonomy":"product_brand","embeddable":true,"href":"https:\/\/bpstudio.com.co\/en\/wp-json\/wp\/v2\/product_brand?post=3599"},{"taxonomy":"product_cat","embeddable":true,"href":"https:\/\/bpstudio.com.co\/en\/wp-json\/wp\/v2\/product_cat?post=3599"},{"taxonomy":"product_tag","embeddable":true,"href":"https:\/\/bpstudio.com.co\/en\/wp-json\/wp\/v2\/product_tag?post=3599"}],"curies":[{"name":"wp","href":"https:\/\/api.w.org\/{rel}","templated":true}]}}