{"id":3616,"date":"2024-06-06T08:35:54","date_gmt":"2024-06-06T13:35:54","guid":{"rendered":"https:\/\/bpstudio.com.co\/?post_type=product&#038;p=3616"},"modified":"2024-06-06T08:58:36","modified_gmt":"2024-06-06T13:58:36","slug":"cajas-para-envios-personalizadas-con-sticker-adhesivo-medidas-16-5x14-5x4-5-cm","status":"publish","type":"product","link":"https:\/\/bpstudio.com.co\/en\/product\/cajas-para-envios-personalizadas-con-sticker-adhesivo-medidas-16-5x14-5x4-5-cm\/","title":{"rendered":"Custom Shipping Boxes with Adhesive Sticker\nDimensions: 16.5 \u00d7 14.5 \u00d7 4.5 cm"},"content":{"rendered":"<p>Cajas en cart\u00f3n microcorrugado ideal para env\u00edos de tr\u00e1fico pesado. Elaboradas en cart\u00f3n color craft natural, incluye bandas o stickers adhesivos personalizados en dise\u00f1o y color de la marca.<\/p>\n<p><b>Medidas: 16.5*14.5*4.5 cm.<\/b><\/p>\n<p><strong>BENEFICIOS O FUNCIONES:<\/strong><\/p>\n<ul>\n<li>Empaque ideal para env\u00edos de joyer\u00eda y productos peque\u00f1os.<\/li>\n<li>Pedido m\u00ednimo de 100 unds.<\/li>\n<li>Stickers adhesivos personalizados con tu marca.<\/li>\n<li>No ocupan espacio, se entregan desplegadas para armar una a una.<\/li>\n<li>Caja auto-armable funcional para env\u00edos nacionales e internacionales.<\/li>\n<li><strong>Experiencia \u00fanica<\/strong> para los seguidores de tu marca<\/li>\n<\/ul>","protected":false},"excerpt":{"rendered":"<p><strong>Cajas Empaque Personalizadas para Env\u00edos.<\/strong><\/p>\n<p>Cajas personalizadas resistentes para env\u00edos nacionales y al exterior. Ideal para env\u00edos de productos peque\u00f1os como joyer\u00eda y accesorios. Se entregan desplegadas para mejor almacenamiento y distribuci\u00f3n. Listas para armar una a una, modelo tipo cofre auto-armables.<\/p>\n<p>&nbsp;<\/p>\n<p>&nbsp;<\/p>","protected":false},"featured_media":3623,"comment_status":"open","ping_status":"closed","template":"","meta":{"generate_page_header":"","_joinchat":{"message_text":"Hola!! Como puedo ayudarte?","message_send":"Hola!! Soy\u2026\nDe la Marca y\/o Proyecto\u2026\nEstamos interesados\u2026"}},"product_brand":[],"product_cat":[55,27],"product_tag":[],"class_list":{"0":"post-3616","1":"product","2":"type-product","3":"status-publish","4":"has-post-thumbnail","6":"product_cat-empaques-biodegradables-para-envio-de-joyeria-y-accesorios","7":"product_cat-empaques-ecoamigables","8":"sales-flash-overlay","9":"woocommerce-text-align-center","10":"woocommerce-image-align-center","11":"do-quantity-buttons","12":"wc-has-gallery","14":"first","15":"instock","16":"shipping-taxable","17":"purchasable","18":"product-type-variable","19":"has-default-attributes"},"_links":{"self":[{"href":"https:\/\/bpstudio.com.co\/en\/wp-json\/wp\/v2\/product\/3616","targetHints":{"allow":["GET"]}}],"collection":[{"href":"https:\/\/bpstudio.com.co\/en\/wp-json\/wp\/v2\/product"}],"about":[{"href":"https:\/\/bpstudio.com.co\/en\/wp-json\/wp\/v2\/types\/product"}],"replies":[{"embeddable":true,"href":"https:\/\/bpstudio.com.co\/en\/wp-json\/wp\/v2\/comments?post=3616"}],"wp:featuredmedia":[{"embeddable":true,"href":"https:\/\/bpstudio.com.co\/en\/wp-json\/wp\/v2\/media\/3623"}],"wp:attachment":[{"href":"https:\/\/bpstudio.com.co\/en\/wp-json\/wp\/v2\/media?parent=3616"}],"wp:term":[{"taxonomy":"product_brand","embeddable":true,"href":"https:\/\/bpstudio.com.co\/en\/wp-json\/wp\/v2\/product_brand?post=3616"},{"taxonomy":"product_cat","embeddable":true,"href":"https:\/\/bpstudio.com.co\/en\/wp-json\/wp\/v2\/product_cat?post=3616"},{"taxonomy":"product_tag","embeddable":true,"href":"https:\/\/bpstudio.com.co\/en\/wp-json\/wp\/v2\/product_tag?post=3616"}],"curies":[{"name":"wp","href":"https:\/\/api.w.org\/{rel}","templated":true}]}}