{"id":3640,"date":"2024-06-06T11:40:57","date_gmt":"2024-06-06T16:40:57","guid":{"rendered":"https:\/\/bpstudio.com.co\/?post_type=product&#038;p=3640"},"modified":"2024-06-06T12:17:51","modified_gmt":"2024-06-06T17:17:51","slug":"cajas-para-envios-personalizadas-con-sticker-adhesivo-medidas-32x25x10-cm","status":"publish","type":"product","link":"https:\/\/bpstudio.com.co\/en\/product\/cajas-para-envios-personalizadas-con-sticker-adhesivo-medidas-32x25x10-cm\/","title":{"rendered":"Custom Shipping Boxes with Adhesive Sticker\nDimensions: 32 \u00d7 25 \u00d7 10 cm"},"content":{"rendered":"<p>Cajas en cart\u00f3n microcorrugado ideal para env\u00edos de tr\u00e1fico pesado. Elaboradas en cart\u00f3n color craft natural, incluye bandas o stickers adhesivos personalizados en dise\u00f1o y color de la marca.<\/p>\n<p><b>Medidas: 32*25*10 cm.<\/b><\/p>\n<p><strong>BENEFICIOS O FUNCIONES:<\/strong><\/p>\n<ul>\n<li>Empaque ideal para env\u00edos de lencer\u00eda, vestidos de ba\u00f1o, productos cosm\u00e9ticos entre otros.<\/li>\n<li>Pedido m\u00ednimo de 100 unds.<\/li>\n<li>Stickers adhesivos personalizados con tu marca.<\/li>\n<li>No ocupan espacio, se entregan desplegadas para armar una a una.<\/li>\n<li>Caja auto-armable funcional para env\u00edos nacionales e internacionales.<\/li>\n<li><strong>Experiencia \u00fanica<\/strong> para los seguidores de tu marca<\/li>\n<\/ul>","protected":false},"excerpt":{"rendered":"<p><strong>Cajas Empaque Personalizadas para Env\u00edos.<\/strong><\/p>\n<p>Cajas personalizadas resistentes para env\u00edos nacionales y al exterior. Ideal para env\u00edos de productos cosm\u00e9ticos entre otros, lencer\u00eda o vestidos de ba\u00f1o. Se entregan desplegadas para mejor almacenamiento y distribuci\u00f3n. Listas para armar una a una, modelo tipo cofre auto-armables.<\/p>\n<p>Cajas para env\u00edos personalizadas.<\/p>\n<p>&nbsp;<\/p>","protected":false},"featured_media":3647,"comment_status":"open","ping_status":"closed","template":"","meta":{"generate_page_header":"","_joinchat":{"message_text":"Hola!! Como puedo ayudarte?","message_send":"Hola!! Soy\u2026\nDe la Marca y\/o Proyecto\u2026\nEstamos interesados\u2026"}},"product_brand":[],"product_cat":[27,56],"product_tag":[],"class_list":{"0":"post-3640","1":"product","2":"type-product","3":"status-publish","4":"has-post-thumbnail","6":"product_cat-empaques-ecoamigables","7":"product_cat-empaques-biodegradables-para-envios-de-moda-calzado-y-bienestar","8":"sales-flash-overlay","9":"woocommerce-text-align-center","10":"woocommerce-image-align-center","11":"do-quantity-buttons","12":"wc-has-gallery","14":"first","15":"instock","16":"shipping-taxable","17":"purchasable","18":"product-type-variable","19":"has-default-attributes"},"_links":{"self":[{"href":"https:\/\/bpstudio.com.co\/en\/wp-json\/wp\/v2\/product\/3640","targetHints":{"allow":["GET"]}}],"collection":[{"href":"https:\/\/bpstudio.com.co\/en\/wp-json\/wp\/v2\/product"}],"about":[{"href":"https:\/\/bpstudio.com.co\/en\/wp-json\/wp\/v2\/types\/product"}],"replies":[{"embeddable":true,"href":"https:\/\/bpstudio.com.co\/en\/wp-json\/wp\/v2\/comments?post=3640"}],"wp:featuredmedia":[{"embeddable":true,"href":"https:\/\/bpstudio.com.co\/en\/wp-json\/wp\/v2\/media\/3647"}],"wp:attachment":[{"href":"https:\/\/bpstudio.com.co\/en\/wp-json\/wp\/v2\/media?parent=3640"}],"wp:term":[{"taxonomy":"product_brand","embeddable":true,"href":"https:\/\/bpstudio.com.co\/en\/wp-json\/wp\/v2\/product_brand?post=3640"},{"taxonomy":"product_cat","embeddable":true,"href":"https:\/\/bpstudio.com.co\/en\/wp-json\/wp\/v2\/product_cat?post=3640"},{"taxonomy":"product_tag","embeddable":true,"href":"https:\/\/bpstudio.com.co\/en\/wp-json\/wp\/v2\/product_tag?post=3640"}],"curies":[{"name":"wp","href":"https:\/\/api.w.org\/{rel}","templated":true}]}}