{"id":3680,"date":"2024-06-06T13:07:21","date_gmt":"2024-06-06T18:07:21","guid":{"rendered":"https:\/\/bpstudio.com.co\/?post_type=product&#038;p=3680"},"modified":"2024-06-06T13:18:04","modified_gmt":"2024-06-06T18:18:04","slug":"cajas-para-envios-estampado-personalizado-medidas-20-5x21-5x6-5-cm","status":"publish","type":"product","link":"https:\/\/bpstudio.com.co\/en\/product\/cajas-para-envios-estampado-personalizado-medidas-20-5x21-5x6-5-cm\/","title":{"rendered":"Custom Printed Shipping Boxes\nDimensions: 20.5 \u00d7 21.5 \u00d7 6.5 cm"},"content":{"rendered":"<p>Cajas en cart\u00f3n microcorrugado ideal para env\u00edos de tr\u00e1fico pesado. Elaboradas en cart\u00f3n craft, color craft natural, dise\u00f1o personalizado estampado manual en serigraf\u00eda a un color blanco o negro. Frases y Datos de Contacto Personalizados.<\/p>\n<p><b>Medidas: 20.5*21.5*6.5 cm.<\/b><\/p>\n<p><strong>BENEFICIOS O FUNCIONES:<\/strong><\/p>\n<ul>\n<li>Empaque ideal para env\u00edos de joyer\u00eda y productos cosm\u00e9ticos entre otros.<\/li>\n<li>Pedido m\u00ednimo de 100 unds.<\/li>\n<li>Dise\u00f1o Personalizado Estampado en Serigraf\u00eda a 1 Color Blanco o Negro.<\/li>\n<li>No ocupan espacio, se entregan desplegadas para armar una a una.<\/li>\n<li>Caja auto-armable funcional para env\u00edos nacionales e internacionales.<\/li>\n<li><strong>Experiencia \u00fanica<\/strong> para los seguidores de tu marca<\/li>\n<\/ul>","protected":false},"excerpt":{"rendered":"<p><strong>Cajas Empaque Personalizadas para Env\u00edos.<\/strong><\/p>\n<p>Cajas personalizadas resistentes para env\u00edos nacionales y al exterior. Ideal para env\u00edos de productos peque\u00f1os como joyer\u00eda y accesorios. Se entregan desplegadas para mejor almacenamiento y distribuci\u00f3n. Listas para armar una a una, modelo tipo cofre auto-armables.<\/p>\n<p>Cajas para Env\u00edos Estampado Personalizado<\/p>\n<p>&nbsp;<\/p>","protected":false},"featured_media":3668,"comment_status":"open","ping_status":"closed","template":"","meta":{"generate_page_header":"","_joinchat":{"message_text":"Hola!! Como puedo ayudarte?","message_send":"Hola!! Soy\u2026\nDe la Marca y\/o Proyecto\u2026\nEstamos interesados\u2026"}},"product_brand":[],"product_cat":[55,56,27],"product_tag":[],"class_list":{"0":"post-3680","1":"product","2":"type-product","3":"status-publish","4":"has-post-thumbnail","6":"product_cat-empaques-biodegradables-para-envio-de-joyeria-y-accesorios","7":"product_cat-empaques-biodegradables-para-envios-de-moda-calzado-y-bienestar","8":"product_cat-empaques-ecoamigables","9":"sales-flash-overlay","10":"woocommerce-text-align-center","11":"woocommerce-image-align-center","12":"do-quantity-buttons","13":"wc-has-gallery","15":"first","16":"instock","17":"shipping-taxable","18":"purchasable","19":"product-type-variable","20":"has-default-attributes"},"_links":{"self":[{"href":"https:\/\/bpstudio.com.co\/en\/wp-json\/wp\/v2\/product\/3680","targetHints":{"allow":["GET"]}}],"collection":[{"href":"https:\/\/bpstudio.com.co\/en\/wp-json\/wp\/v2\/product"}],"about":[{"href":"https:\/\/bpstudio.com.co\/en\/wp-json\/wp\/v2\/types\/product"}],"replies":[{"embeddable":true,"href":"https:\/\/bpstudio.com.co\/en\/wp-json\/wp\/v2\/comments?post=3680"}],"wp:featuredmedia":[{"embeddable":true,"href":"https:\/\/bpstudio.com.co\/en\/wp-json\/wp\/v2\/media\/3668"}],"wp:attachment":[{"href":"https:\/\/bpstudio.com.co\/en\/wp-json\/wp\/v2\/media?parent=3680"}],"wp:term":[{"taxonomy":"product_brand","embeddable":true,"href":"https:\/\/bpstudio.com.co\/en\/wp-json\/wp\/v2\/product_brand?post=3680"},{"taxonomy":"product_cat","embeddable":true,"href":"https:\/\/bpstudio.com.co\/en\/wp-json\/wp\/v2\/product_cat?post=3680"},{"taxonomy":"product_tag","embeddable":true,"href":"https:\/\/bpstudio.com.co\/en\/wp-json\/wp\/v2\/product_tag?post=3680"}],"curies":[{"name":"wp","href":"https:\/\/api.w.org\/{rel}","templated":true}]}}