{"id":387,"date":"2021-01-12T21:29:23","date_gmt":"2021-01-12T21:29:23","guid":{"rendered":"http:\/\/bpstudio.com.co\/?post_type=product&#038;p=387"},"modified":"2024-06-04T11:34:52","modified_gmt":"2024-06-04T16:34:52","slug":"cajas-eco-personalizadas-para-joyeria-modelo-tipo-cajon-15x15-cm","status":"publish","type":"product","link":"https:\/\/bpstudio.com.co\/en\/product\/cajas-eco-personalizadas-para-joyeria-modelo-tipo-cajon-15x15-cm\/","title":{"rendered":"Custom Eco Jewelry Boxes \u2013 Drawer Style | 15 \u00d7 15 cm"},"content":{"rendered":"<p>Cajas eco personalizadas para joyer\u00eda, elaboradas en cart\u00f3n ecoamigable, color crudo fibra natural. Caja Modelo Tipo Caj\u00f3n, autoarmable con cinta en tela para halar. Dise\u00f1o personalizado de marca, impreso sobre cart\u00f3n plegadizo de 263 gramos.<\/p>\n<p><b>Medidas: CAJA ARMADA (15 x 15 x 4) cm.<\/b><\/p>\n<p><strong>BENEFICIOS O FUNCIONALIDADES:<\/strong><\/p>\n<ul>\n<li>Empaque ideal para joyer\u00eda y accesorios peque\u00f1os<\/li>\n<li>Dise\u00f1o de empaque personalizado para tu marca<\/li>\n<li>Incluye nido interno con perforaciones para sujetar la prenda<\/li>\n<li>Cajas armables sistema tipo caj\u00f3n para halar, funcional para regalos y env\u00edos nacionales<\/li>\n<li>Experiencia \u00fanica para los seguidores de tu marca<\/li>\n<\/ul>\n<p>&nbsp;<\/p>","protected":false},"excerpt":{"rendered":"<p><strong>CAJAS ECO PERSONALIZADA PARA JOYER\u00cdA MODELO TIPO CAJ\u00d3N &#8211; (15 x 15 x 4 cm.)<\/strong><br \/>\nCajas en cart\u00f3n biodegradable 263 gramos, libre de pl\u00e1stico, modelo tipo caj\u00f3n para halar, dise\u00f1o impreso de la marca, acabado manual para fijar detalles del empaque (cinta para halar). Se entregan desplegadas listas para armar manualmente una a una. Incluye nido en cart\u00f3n con perforaciones para sujetar las joyas.<\/p>","protected":false},"featured_media":3540,"comment_status":"open","ping_status":"closed","template":"","meta":{"generate_page_header":"","_joinchat":{"message_text":"Hola!!\nComo puedo ayudarte?","message_send":"Hola!! Soy\u2026\nDe la Marca o Proyecto\u2026\nEstamos interesados en\u2026"}},"product_brand":[],"product_cat":[27,21],"product_tag":[],"class_list":{"0":"post-387","1":"product","2":"type-product","3":"status-publish","4":"has-post-thumbnail","6":"product_cat-empaques-ecoamigables","7":"product_cat-empaques-para-joyeria-y-accesorios","8":"sales-flash-overlay","9":"woocommerce-text-align-center","10":"woocommerce-image-align-center","11":"do-quantity-buttons","12":"wc-has-gallery","14":"first","15":"instock","16":"shipping-taxable","17":"purchasable","18":"product-type-variable","19":"has-default-attributes"},"_links":{"self":[{"href":"https:\/\/bpstudio.com.co\/en\/wp-json\/wp\/v2\/product\/387","targetHints":{"allow":["GET"]}}],"collection":[{"href":"https:\/\/bpstudio.com.co\/en\/wp-json\/wp\/v2\/product"}],"about":[{"href":"https:\/\/bpstudio.com.co\/en\/wp-json\/wp\/v2\/types\/product"}],"replies":[{"embeddable":true,"href":"https:\/\/bpstudio.com.co\/en\/wp-json\/wp\/v2\/comments?post=387"}],"wp:featuredmedia":[{"embeddable":true,"href":"https:\/\/bpstudio.com.co\/en\/wp-json\/wp\/v2\/media\/3540"}],"wp:attachment":[{"href":"https:\/\/bpstudio.com.co\/en\/wp-json\/wp\/v2\/media?parent=387"}],"wp:term":[{"taxonomy":"product_brand","embeddable":true,"href":"https:\/\/bpstudio.com.co\/en\/wp-json\/wp\/v2\/product_brand?post=387"},{"taxonomy":"product_cat","embeddable":true,"href":"https:\/\/bpstudio.com.co\/en\/wp-json\/wp\/v2\/product_cat?post=387"},{"taxonomy":"product_tag","embeddable":true,"href":"https:\/\/bpstudio.com.co\/en\/wp-json\/wp\/v2\/product_tag?post=387"}],"curies":[{"name":"wp","href":"https:\/\/api.w.org\/{rel}","templated":true}]}}