{"id":392,"date":"2021-01-13T02:41:17","date_gmt":"2021-01-13T02:41:17","guid":{"rendered":"http:\/\/bpstudio.com.co\/?post_type=product&#038;p=392"},"modified":"2024-06-02T15:02:04","modified_gmt":"2024-06-02T20:02:04","slug":"cajas-para-anillos-diseno-personalizado-modelo-base-y-tapa-6x6-cm","status":"publish","type":"product","link":"https:\/\/bpstudio.com.co\/en\/product\/cajas-para-anillos-diseno-personalizado-modelo-base-y-tapa-6x6-cm\/","title":{"rendered":"Custom Ring Boxes \u2013 Base &amp; Lid Style | 6 \u00d7 6 cm"},"content":{"rendered":"<p>Cajas para anillos, joyer\u00eda y accesorios en cart\u00f3n plegadizo armables, sistema base y tapa, incluye nido en cart\u00f3n con perforaciones para soportar las joyas. Dise\u00f1o personalizado de marca impreso en la paleta de color de la marca o producto. Acabado externo mate.<\/p>\n<p><b><i>LOGOTIPO ESTAMPADO METALIZADO<\/i><\/b><\/p>\n<p><b>Medidas: CAJA ARMADA\u00a0 \u00a06 x 6 x 4 cm.<\/b><\/p>\n<p><strong>BENEFICIOS O FUNCIONALIDADES:<\/strong><\/p>\n<ul>\n<li>Empaque ideal para anillos<\/li>\n<li>Dise\u00f1o de empaque personalizado para tu marca<\/li>\n<li>Incluye nido interno con perforaciones para sujetar la prenda<\/li>\n<li>Cajas armables sistema tipo base y tapa, funcional para regalos y env\u00edos nacionales<\/li>\n<li><strong>Experiencia \u00fanica<\/strong> para los seguidores de tu marca<\/li>\n<\/ul>","protected":false},"excerpt":{"rendered":"<p><strong>CAJAS PARA ANILLOS LOGOTIPO ESTAMPADO BRILLANTE<\/strong><\/p>\n<p><strong>TAPA-BASE Medidas: 6 x 6 x 4 cm.<\/strong><\/p>\n<p>Cajas en cart\u00f3n plegable, autoarmable, sistema tapa y base, ideales para joyer\u00eda y accesorios tama\u00f1o peque\u00f1os. Dise\u00f1o impreso a dos (2) colores de la marca. Logotipo estampado en foil metalizado brillante. Dorado, Oro Rosa, Plata u otros.<\/p>","protected":false},"featured_media":3545,"comment_status":"open","ping_status":"closed","template":"","meta":{"generate_page_header":"","_joinchat":{"message_text":"Hola!!\nComo puedo ayudarte?","message_send":"Hola!! Soy\u2026\nDe la Marca o Proyecto\u2026\nEstamos interesados en\u2026"}},"product_brand":[],"product_cat":[21],"product_tag":[],"class_list":{"0":"post-392","1":"product","2":"type-product","3":"status-publish","4":"has-post-thumbnail","6":"product_cat-empaques-para-joyeria-y-accesorios","7":"sales-flash-overlay","8":"woocommerce-text-align-center","9":"woocommerce-image-align-center","10":"do-quantity-buttons","11":"wc-has-gallery","13":"first","14":"instock","15":"shipping-taxable","16":"purchasable","17":"product-type-variable","18":"has-default-attributes"},"_links":{"self":[{"href":"https:\/\/bpstudio.com.co\/en\/wp-json\/wp\/v2\/product\/392","targetHints":{"allow":["GET"]}}],"collection":[{"href":"https:\/\/bpstudio.com.co\/en\/wp-json\/wp\/v2\/product"}],"about":[{"href":"https:\/\/bpstudio.com.co\/en\/wp-json\/wp\/v2\/types\/product"}],"replies":[{"embeddable":true,"href":"https:\/\/bpstudio.com.co\/en\/wp-json\/wp\/v2\/comments?post=392"}],"wp:featuredmedia":[{"embeddable":true,"href":"https:\/\/bpstudio.com.co\/en\/wp-json\/wp\/v2\/media\/3545"}],"wp:attachment":[{"href":"https:\/\/bpstudio.com.co\/en\/wp-json\/wp\/v2\/media?parent=392"}],"wp:term":[{"taxonomy":"product_brand","embeddable":true,"href":"https:\/\/bpstudio.com.co\/en\/wp-json\/wp\/v2\/product_brand?post=392"},{"taxonomy":"product_cat","embeddable":true,"href":"https:\/\/bpstudio.com.co\/en\/wp-json\/wp\/v2\/product_cat?post=392"},{"taxonomy":"product_tag","embeddable":true,"href":"https:\/\/bpstudio.com.co\/en\/wp-json\/wp\/v2\/product_tag?post=392"}],"curies":[{"name":"wp","href":"https:\/\/api.w.org\/{rel}","templated":true}]}}