{"id":432,"date":"2021-01-13T05:05:16","date_gmt":"2021-01-13T05:05:16","guid":{"rendered":"http:\/\/bpstudio.com.co\/?post_type=product&#038;p=432"},"modified":"2024-06-03T12:31:17","modified_gmt":"2024-06-03T17:31:17","slug":"caja-en-carton-personalizada-para-joyeria-modelo-tipo-cofre-12-x-14-x-4-cm","status":"publish","type":"product","link":"https:\/\/bpstudio.com.co\/en\/product\/caja-en-carton-personalizada-para-joyeria-modelo-tipo-cofre-12-x-14-x-4-cm\/","title":{"rendered":"Custom Cardboard Jewelry Box \u2013 Chest Style | 12 \u00d7 14 \u00d7 3.5 cm"},"content":{"rendered":"<p>Caja en cart\u00f3n Personalizada para Joyer\u00eda, Modelo Tipo Cofre (12 x 14 x 4 cm), elaboradas en cart\u00f3n plegadizo auto-armables, cart\u00f3n con acabado en pl\u00e1stico mate para proteger el color, <strong>LOGOTIPO ESTAMPADO EN FOIL DORADO<\/strong>, medidas en cent\u00edmetros para la caja armada. Largo, Ancho, Altura: 12 x 14 x 3,5 cm<\/p>\n<p><strong>BENEFICIOS O FUNCIONALIDADES:<\/strong><\/p>\n<ul>\n<li>Empaque ideal para joyer\u00eda y accesorios medianos<\/li>\n<li>Dise\u00f1o de empaque personalizado para tu marca<\/li>\n<li>Incluye nido interno con perforaciones para sujetar la prenda<\/li>\n<li>Cajas armables sistema tipo base y tapa, funcional para regalos y env\u00edos nacionales<\/li>\n<li><strong>Experiencia \u00fanica<\/strong> para los seguidores de tu marca<\/li>\n<\/ul>","protected":false},"excerpt":{"rendered":"<p><strong>CAJA TIPO COFRE PARA JOYER\u00cdA Y ACCESORIOS, LOGOTIPO ESTAMPADO EN FOIL DORADO<\/strong><\/p>\n<p>Caja en cart\u00f3n plegadizo personalizada para joyer\u00eda, logotipo de la marca estampado en foil dorado, sistema de armado tipo cofre, dise\u00f1o impreso fondo un (1) color pantone, acabado mate, se entregan desplegadas listas para armar manualmente una a una. Incluye nido interno en cart\u00f3n para soportar las joyas<\/p>","protected":false},"featured_media":433,"comment_status":"open","ping_status":"closed","template":"","meta":{"generate_page_header":"","_joinchat":{"message_text":"Hola!!\nComo puedo ayudarte?","message_send":"Hola!! Soy\u2026\nDe la Marca o Proyecto\u2026\nEstamos interesados en\u2026"}},"product_brand":[],"product_cat":[21],"product_tag":[],"class_list":{"0":"post-432","1":"product","2":"type-product","3":"status-publish","4":"has-post-thumbnail","6":"product_cat-empaques-para-joyeria-y-accesorios","7":"sales-flash-overlay","8":"woocommerce-text-align-center","9":"woocommerce-image-align-center","10":"do-quantity-buttons","11":"wc-has-gallery","13":"first","14":"instock","15":"shipping-taxable","16":"purchasable","17":"product-type-variable","18":"has-default-attributes"},"_links":{"self":[{"href":"https:\/\/bpstudio.com.co\/en\/wp-json\/wp\/v2\/product\/432","targetHints":{"allow":["GET"]}}],"collection":[{"href":"https:\/\/bpstudio.com.co\/en\/wp-json\/wp\/v2\/product"}],"about":[{"href":"https:\/\/bpstudio.com.co\/en\/wp-json\/wp\/v2\/types\/product"}],"replies":[{"embeddable":true,"href":"https:\/\/bpstudio.com.co\/en\/wp-json\/wp\/v2\/comments?post=432"}],"wp:featuredmedia":[{"embeddable":true,"href":"https:\/\/bpstudio.com.co\/en\/wp-json\/wp\/v2\/media\/433"}],"wp:attachment":[{"href":"https:\/\/bpstudio.com.co\/en\/wp-json\/wp\/v2\/media?parent=432"}],"wp:term":[{"taxonomy":"product_brand","embeddable":true,"href":"https:\/\/bpstudio.com.co\/en\/wp-json\/wp\/v2\/product_brand?post=432"},{"taxonomy":"product_cat","embeddable":true,"href":"https:\/\/bpstudio.com.co\/en\/wp-json\/wp\/v2\/product_cat?post=432"},{"taxonomy":"product_tag","embeddable":true,"href":"https:\/\/bpstudio.com.co\/en\/wp-json\/wp\/v2\/product_tag?post=432"}],"curies":[{"name":"wp","href":"https:\/\/api.w.org\/{rel}","templated":true}]}}