{"id":731,"date":"2021-03-07T10:12:42","date_gmt":"2021-03-07T10:12:42","guid":{"rendered":"https:\/\/bpstudio.com.co\/?post_type=product&#038;p=731"},"modified":"2024-06-03T13:42:31","modified_gmt":"2024-06-03T18:42:31","slug":"caja-ecoamigable-diseno-personalizado-de-marca","status":"publish","type":"product","link":"https:\/\/bpstudio.com.co\/en\/product\/caja-ecoamigable-diseno-personalizado-de-marca\/","title":{"rendered":"Eco-Friendly Box \u2013 Custom Brand Design"},"content":{"rendered":"<p>Caja ecoamigable dise\u00f1o personalizado de marca, elaboradas en cart\u00f3n plegadizo ECOamigable, biodegradable libre de pl\u00e1stico, dise\u00f1o personalizado de marca impreso en colores corporativos, se entregan desplegadas listas para armar una a una. Dise\u00f1o de empaque incluye ventana para detallar el producto interno. Medida caja cerrada: 22x9x9 cm.<\/p>\n<p><strong>BENEFICIOS O FUNCIONALIDADES:<\/strong><\/p>\n<ul>\n<li>Empaque ideal para vestidos de ba\u00f1o y prendas de ropa<\/li>\n<li>Dise\u00f1o de empaque personalizado con tu marca<\/li>\n<li>Pedido m\u00ednimo 300 unds. Se entregan desplegadas, ocupan poco espacios<\/li>\n<li>Empaque ECOamigable, funcional para regalos y env\u00edos locales<\/li>\n<li><strong>Experiencia \u00fanica<\/strong> para los seguidores de tu marca<\/li>\n<\/ul>","protected":false},"excerpt":{"rendered":"<p><b>CAJA ECOAMIGABLE DISE\u00d1O PERSONALIZADO DE MARCA (22x9x9 cm)<\/b><\/p>\n<p>Caja en cart\u00f3n biodegradable libre de pl\u00e1stico, dise\u00f1o personalizado en colores de la marca, ideal para vestidos de ba\u00f1o y prendas de ropa. Incluye ranura tipo ventana para detallar producto.<\/p>","protected":false},"featured_media":610,"comment_status":"open","ping_status":"closed","template":"","meta":{"generate_page_header":"","_joinchat":{"message_text":"Hola!!\nComo puedo ayudarte?","message_send":"Hola!! Soy\u2026\nDe la Marca o Proyecto\u2026\nEstamos interesados en\u2026"}},"product_brand":[],"product_cat":[27,23],"product_tag":[],"class_list":{"0":"post-731","1":"product","2":"type-product","3":"status-publish","4":"has-post-thumbnail","6":"product_cat-empaques-ecoamigables","7":"product_cat-empaques-para-moda-calzado-y-bienestar","8":"sales-flash-overlay","9":"woocommerce-text-align-center","10":"woocommerce-image-align-center","11":"do-quantity-buttons","12":"wc-has-gallery","14":"first","15":"instock","16":"shipping-taxable","17":"purchasable","18":"product-type-variable","19":"has-default-attributes"},"_links":{"self":[{"href":"https:\/\/bpstudio.com.co\/en\/wp-json\/wp\/v2\/product\/731","targetHints":{"allow":["GET"]}}],"collection":[{"href":"https:\/\/bpstudio.com.co\/en\/wp-json\/wp\/v2\/product"}],"about":[{"href":"https:\/\/bpstudio.com.co\/en\/wp-json\/wp\/v2\/types\/product"}],"replies":[{"embeddable":true,"href":"https:\/\/bpstudio.com.co\/en\/wp-json\/wp\/v2\/comments?post=731"}],"wp:featuredmedia":[{"embeddable":true,"href":"https:\/\/bpstudio.com.co\/en\/wp-json\/wp\/v2\/media\/610"}],"wp:attachment":[{"href":"https:\/\/bpstudio.com.co\/en\/wp-json\/wp\/v2\/media?parent=731"}],"wp:term":[{"taxonomy":"product_brand","embeddable":true,"href":"https:\/\/bpstudio.com.co\/en\/wp-json\/wp\/v2\/product_brand?post=731"},{"taxonomy":"product_cat","embeddable":true,"href":"https:\/\/bpstudio.com.co\/en\/wp-json\/wp\/v2\/product_cat?post=731"},{"taxonomy":"product_tag","embeddable":true,"href":"https:\/\/bpstudio.com.co\/en\/wp-json\/wp\/v2\/product_tag?post=731"}],"curies":[{"name":"wp","href":"https:\/\/api.w.org\/{rel}","templated":true}]}}