{"id":735,"date":"2021-03-07T10:14:45","date_gmt":"2021-03-07T10:14:45","guid":{"rendered":"https:\/\/bpstudio.com.co\/?post_type=product&#038;p=735"},"modified":"2024-06-04T11:33:57","modified_gmt":"2024-06-04T16:33:57","slug":"caja-personalizada-para-snacks-dulces-y-otros","status":"publish","type":"product","link":"https:\/\/bpstudio.com.co\/en\/product\/caja-personalizada-para-snacks-dulces-y-otros\/","title":{"rendered":"Custom Box for Snacks, Sweets &amp; More"},"content":{"rendered":"<p>Caja personalizada para snacks, en cart\u00f3n plegable, dise\u00f1o especial, personalizada para experiencia marca de dulces y snacks, dise\u00f1o externo impreso en colores de la marca, dise\u00f1o interno impreso a 1 color, incluye nido interno <b><i>removible<\/i><\/b>\u00a0 en cart\u00f3n, con divisiones para dulces, snacks u otros productos<\/p>\n<p><strong>BENEFICIOS O FUNCIONALIDADES:<\/strong><\/p>\n<ul>\n<li>Empaque ideal para regalos sorpresa, dulces y snacks<\/li>\n<li>Dise\u00f1o de empaque personalizado con tu marca<\/li>\n<li>Pedido m\u00ednimo 300 unds. Se entregan desplegadas, ocupan poco espacio.<\/li>\n<li>Incluye nido interno removible con 5 divisiones<\/li>\n<li>Cajas autoarmables, funcional para env\u00edos locales y nacionales<\/li>\n<li><strong>Experiencia \u00fanica<\/strong> para los seguidores de tu marca<\/li>\n<\/ul>","protected":false},"excerpt":{"rendered":"<p><b>CAJA PERSONALIZADA PARA SNACKS (24x24x6 cm)<\/b><\/p>\n<p>Cajas en cart\u00f3n plegadizo, dise\u00f1o en colores personalizado lado externo. Incluye nido interno \u00a0con divisiones para dulces y snacks. Medidas caja cerrada: 24x24x6 cm.<\/p>","protected":false},"featured_media":756,"comment_status":"open","ping_status":"closed","template":"","meta":{"generate_page_header":"","_joinchat":{"message_text":"Hola!!\nComo puedo ayudarte?","message_send":"Hola!! Soy\u2026\nDe la Marca o Proyecto\u2026\nEstamos interesados en\u2026"}},"product_brand":[],"product_cat":[25],"product_tag":[],"class_list":{"0":"post-735","1":"product","2":"type-product","3":"status-publish","4":"has-post-thumbnail","6":"product_cat-empaques-reposteria-y-restaurante","7":"sales-flash-overlay","8":"woocommerce-text-align-center","9":"woocommerce-image-align-center","10":"do-quantity-buttons","11":"wc-has-gallery","13":"first","14":"instock","15":"shipping-taxable","16":"purchasable","17":"product-type-variable","18":"has-default-attributes"},"_links":{"self":[{"href":"https:\/\/bpstudio.com.co\/en\/wp-json\/wp\/v2\/product\/735","targetHints":{"allow":["GET"]}}],"collection":[{"href":"https:\/\/bpstudio.com.co\/en\/wp-json\/wp\/v2\/product"}],"about":[{"href":"https:\/\/bpstudio.com.co\/en\/wp-json\/wp\/v2\/types\/product"}],"replies":[{"embeddable":true,"href":"https:\/\/bpstudio.com.co\/en\/wp-json\/wp\/v2\/comments?post=735"}],"wp:featuredmedia":[{"embeddable":true,"href":"https:\/\/bpstudio.com.co\/en\/wp-json\/wp\/v2\/media\/756"}],"wp:attachment":[{"href":"https:\/\/bpstudio.com.co\/en\/wp-json\/wp\/v2\/media?parent=735"}],"wp:term":[{"taxonomy":"product_brand","embeddable":true,"href":"https:\/\/bpstudio.com.co\/en\/wp-json\/wp\/v2\/product_brand?post=735"},{"taxonomy":"product_cat","embeddable":true,"href":"https:\/\/bpstudio.com.co\/en\/wp-json\/wp\/v2\/product_cat?post=735"},{"taxonomy":"product_tag","embeddable":true,"href":"https:\/\/bpstudio.com.co\/en\/wp-json\/wp\/v2\/product_tag?post=735"}],"curies":[{"name":"wp","href":"https:\/\/api.w.org\/{rel}","templated":true}]}}