{"id":757,"date":"2021-03-07T10:34:18","date_gmt":"2021-03-07T10:34:18","guid":{"rendered":"https:\/\/bpstudio.com.co\/?post_type=product&#038;p=757"},"modified":"2025-10-16T13:24:53","modified_gmt":"2025-10-16T18:24:53","slug":"cajas-en-carton-personalizadas-para-calzado-modelo-base-y-tapa-30x20x12-cm","status":"publish","type":"product","link":"https:\/\/bpstudio.com.co\/en\/product\/cajas-en-carton-personalizadas-para-calzado-modelo-base-y-tapa-30x20x12-cm\/","title":{"rendered":"Custom Cardboard Shoe Boxes \u2013 Base &amp; Lid Style | 30 \u00d7 20 \u00d7 12 cm"},"content":{"rendered":"<p>Cajas en cart\u00f3n plegadizo, sistema armable base y tapa por separado, dise\u00f1o personalizado impreso en colores de la marca, cart\u00f3n esmaltado con acabado en pl\u00e1stico mate. Se entregan desplegadas listas para armar una a una. Medidas caja cerrada: 30x20x12 cm.<\/p>\n<p><strong>BENEFICIOS O FUNCIONALIDADES:<\/strong><\/p>\n<ul>\n<li>Empaque ideal para calzado est\u00e1ndar y plataformas<\/li>\n<li>Dise\u00f1o de empaque personalizado con tu marca<\/li>\n<li>Empaque reutilizable para conservar el cuidado del producto<\/li>\n<li>Pedido m\u00ednimo 300 unds. Se entregan desplegadas ocupando poco espacio<\/li>\n<li>Cajas armables sistema base y tapa, funcional para regalos y env\u00edos nacionales<\/li>\n<li><strong>Experiencia \u00fanica<\/strong> para los seguidores de la marca<\/li>\n<\/ul>","protected":false},"excerpt":{"rendered":"<p><b>CAJAS PARA CALZADO EST\u00c1NDAR Y PLATAFORMAS<\/b><\/p>\n<p>Cajas en cart\u00f3n plegadizo autoarmables, modelo base y tapa, dise\u00f1o impreso en colores de la marca, acabado en pl\u00e1stico mate.<\/p>","protected":false},"featured_media":754,"comment_status":"open","ping_status":"closed","template":"","meta":{"generate_page_header":"","_joinchat":{"message_text":"Hola!!\nComo puedo ayudarte?","message_send":"Hola!! Soy\u2026\nDe la Marca o Proyecto\u2026\nEstamos interesados\u2026"}},"product_brand":[],"product_cat":[23],"product_tag":[],"class_list":{"0":"post-757","1":"product","2":"type-product","3":"status-publish","4":"has-post-thumbnail","6":"product_cat-empaques-para-moda-calzado-y-bienestar","7":"sales-flash-overlay","8":"woocommerce-text-align-center","9":"woocommerce-image-align-center","10":"do-quantity-buttons","11":"wc-has-gallery","13":"first","14":"instock","15":"shipping-taxable","16":"purchasable","17":"product-type-variable","18":"has-default-attributes"},"_links":{"self":[{"href":"https:\/\/bpstudio.com.co\/en\/wp-json\/wp\/v2\/product\/757","targetHints":{"allow":["GET"]}}],"collection":[{"href":"https:\/\/bpstudio.com.co\/en\/wp-json\/wp\/v2\/product"}],"about":[{"href":"https:\/\/bpstudio.com.co\/en\/wp-json\/wp\/v2\/types\/product"}],"replies":[{"embeddable":true,"href":"https:\/\/bpstudio.com.co\/en\/wp-json\/wp\/v2\/comments?post=757"}],"wp:featuredmedia":[{"embeddable":true,"href":"https:\/\/bpstudio.com.co\/en\/wp-json\/wp\/v2\/media\/754"}],"wp:attachment":[{"href":"https:\/\/bpstudio.com.co\/en\/wp-json\/wp\/v2\/media?parent=757"}],"wp:term":[{"taxonomy":"product_brand","embeddable":true,"href":"https:\/\/bpstudio.com.co\/en\/wp-json\/wp\/v2\/product_brand?post=757"},{"taxonomy":"product_cat","embeddable":true,"href":"https:\/\/bpstudio.com.co\/en\/wp-json\/wp\/v2\/product_cat?post=757"},{"taxonomy":"product_tag","embeddable":true,"href":"https:\/\/bpstudio.com.co\/en\/wp-json\/wp\/v2\/product_tag?post=757"}],"curies":[{"name":"wp","href":"https:\/\/api.w.org\/{rel}","templated":true}]}}