{"id":783,"date":"2021-03-07T10:09:56","date_gmt":"2021-03-07T10:09:56","guid":{"rendered":"https:\/\/bpstudio.com.co\/?post_type=product&#038;p=783"},"modified":"2026-02-13T03:02:52","modified_gmt":"2026-02-13T08:02:52","slug":"papel-empaque-ropa-calzado-u-otros","status":"publish","type":"product","link":"https:\/\/bpstudio.com.co\/en\/product\/papel-empaque-ropa-calzado-u-otros\/","title":{"rendered":"Wrapping paper for clothing, footwear, and other products"},"content":{"rendered":"<p>Papel empaque 60 gr. Color original del papel blanco, (no es papel seda) dise\u00f1o de marca impresi\u00f3n offset a 1 color principal de la marca. Se entregan por l\u00e1minas de 68&#215;48 cm.<\/p>\n<p><strong>BENEFICIOS O VENTAJAS<\/strong><\/p>\n<ul>\n<li>Recurso de empaque de marca personalizado ideal para ropa, calzado y regalos.<\/li>\n<li>Dise\u00f1o de marca impreso en color principal de la marca<\/li>\n<li>Pedido m\u00ednimo de 300 Unds.<\/li>\n<li>Empaque personalizado multifuncional para la marca<\/li>\n<li><strong>Experiencia \u00fanica<\/strong> para los seguidores de tu marca<\/li>\n<\/ul>","protected":false},"excerpt":{"rendered":"<p><b>PAPEL EMPAQUE, DISE\u00d1O BRANDEADO A 1 COLOR DE LA MARCA<\/b><\/p>\n<p>Papel para empaque de marca, dise\u00f1o personalizado, elemento de empaque multifuncional Medida Pliego 68&#215;48 cm.<\/p>","protected":false},"featured_media":596,"comment_status":"open","ping_status":"closed","template":"","meta":{"generate_page_header":"","_joinchat":[]},"product_brand":[],"product_cat":[23,53],"product_tag":[],"class_list":{"0":"post-783","1":"product","2":"type-product","3":"status-publish","4":"has-post-thumbnail","6":"product_cat-empaques-para-moda-calzado-y-bienestar","7":"product_cat-tarjeteria-y-elementos-de-empaque","8":"sales-flash-overlay","9":"woocommerce-text-align-center","10":"woocommerce-image-align-center","11":"do-quantity-buttons","12":"wc-has-gallery","14":"first","15":"instock","16":"shipping-taxable","17":"purchasable","18":"product-type-variable","19":"has-default-attributes"},"_links":{"self":[{"href":"https:\/\/bpstudio.com.co\/en\/wp-json\/wp\/v2\/product\/783","targetHints":{"allow":["GET"]}}],"collection":[{"href":"https:\/\/bpstudio.com.co\/en\/wp-json\/wp\/v2\/product"}],"about":[{"href":"https:\/\/bpstudio.com.co\/en\/wp-json\/wp\/v2\/types\/product"}],"replies":[{"embeddable":true,"href":"https:\/\/bpstudio.com.co\/en\/wp-json\/wp\/v2\/comments?post=783"}],"wp:featuredmedia":[{"embeddable":true,"href":"https:\/\/bpstudio.com.co\/en\/wp-json\/wp\/v2\/media\/596"}],"wp:attachment":[{"href":"https:\/\/bpstudio.com.co\/en\/wp-json\/wp\/v2\/media?parent=783"}],"wp:term":[{"taxonomy":"product_brand","embeddable":true,"href":"https:\/\/bpstudio.com.co\/en\/wp-json\/wp\/v2\/product_brand?post=783"},{"taxonomy":"product_cat","embeddable":true,"href":"https:\/\/bpstudio.com.co\/en\/wp-json\/wp\/v2\/product_cat?post=783"},{"taxonomy":"product_tag","embeddable":true,"href":"https:\/\/bpstudio.com.co\/en\/wp-json\/wp\/v2\/product_tag?post=783"}],"curies":[{"name":"wp","href":"https:\/\/api.w.org\/{rel}","templated":true}]}}