{"id":796,"date":"2021-03-07T10:28:03","date_gmt":"2021-03-07T10:28:03","guid":{"rendered":"https:\/\/bpstudio.com.co\/?post_type=product&#038;p=796"},"modified":"2024-06-01T13:30:22","modified_gmt":"2024-06-01T18:30:22","slug":"caja-personalizada-para-cupcakes-por-4-unds","status":"publish","type":"product","link":"https:\/\/bpstudio.com.co\/en\/product\/caja-personalizada-para-cupcakes-por-4-unds\/","title":{"rendered":"Custom Box for 4 Cupcakes"},"content":{"rendered":"<p>Caja personalizada para cupcakes en cart\u00f3n plegable, biodegradable libre pl\u00e1stico, dise\u00f1o externo impreso en colores de la marca, mensaje y datos de contacto. Incluye nido para 4 cupcakes. Medidas caja cerrada: 17x17x7cm<\/p>\n<p><strong>BENEFICIOS O FUNCIONALIDADES:<\/strong><\/p>\n<ul>\n<li>Empaque ideal para marcas de reposter\u00eda y comida delivery<\/li>\n<li>Dise\u00f1o de empaque personalizado con tu marca y datos de contacto<\/li>\n<li>Incluye nido y divisiones internas para 4 unidades de cupcakes<\/li>\n<li>Caja pledadiza, se arma una a una, funcional para regalos y env\u00edos locales<\/li>\n<li><strong>Experiencia \u00fanica<\/strong> para los seguidores de tu marca<\/li>\n<\/ul>","protected":false},"excerpt":{"rendered":"<p><strong>CAJA PERSONALIZADA PARA CUPCAKES POR 4 UNDS.<\/strong><\/p>\n<p>Cajas en cart\u00f3n plegadizo autoarmable, dise\u00f1o de marca reposter\u00eda personalizado. Incluye divisiones para 4 unidades de cupcakes.<\/p>","protected":false},"featured_media":584,"comment_status":"open","ping_status":"closed","template":"","meta":{"generate_page_header":"","_joinchat":{"message_text":"Hola!!\nComo puedo ayudarte?","message_send":"Hola!! Soy\u2026\nDe la Marca \u00f3 Proyecto\u2026\nEstamos interesados en\u2026"}},"product_brand":[],"product_cat":[25],"product_tag":[],"class_list":{"0":"post-796","1":"product","2":"type-product","3":"status-publish","4":"has-post-thumbnail","6":"product_cat-empaques-reposteria-y-restaurante","7":"sales-flash-overlay","8":"woocommerce-text-align-center","9":"woocommerce-image-align-center","10":"do-quantity-buttons","11":"wc-has-gallery","13":"first","14":"instock","15":"shipping-taxable","16":"purchasable","17":"product-type-variable","18":"has-default-attributes"},"_links":{"self":[{"href":"https:\/\/bpstudio.com.co\/en\/wp-json\/wp\/v2\/product\/796","targetHints":{"allow":["GET"]}}],"collection":[{"href":"https:\/\/bpstudio.com.co\/en\/wp-json\/wp\/v2\/product"}],"about":[{"href":"https:\/\/bpstudio.com.co\/en\/wp-json\/wp\/v2\/types\/product"}],"replies":[{"embeddable":true,"href":"https:\/\/bpstudio.com.co\/en\/wp-json\/wp\/v2\/comments?post=796"}],"wp:featuredmedia":[{"embeddable":true,"href":"https:\/\/bpstudio.com.co\/en\/wp-json\/wp\/v2\/media\/584"}],"wp:attachment":[{"href":"https:\/\/bpstudio.com.co\/en\/wp-json\/wp\/v2\/media?parent=796"}],"wp:term":[{"taxonomy":"product_brand","embeddable":true,"href":"https:\/\/bpstudio.com.co\/en\/wp-json\/wp\/v2\/product_brand?post=796"},{"taxonomy":"product_cat","embeddable":true,"href":"https:\/\/bpstudio.com.co\/en\/wp-json\/wp\/v2\/product_cat?post=796"},{"taxonomy":"product_tag","embeddable":true,"href":"https:\/\/bpstudio.com.co\/en\/wp-json\/wp\/v2\/product_tag?post=796"}],"curies":[{"name":"wp","href":"https:\/\/api.w.org\/{rel}","templated":true}]}}